{"id":20831,"date":"2016-03-16T19:50:28","date_gmt":"2016-03-16T19:50:28","guid":{"rendered":"https:\/\/casa-and-co.com\/contact\/"},"modified":"2020-07-31T11:44:21","modified_gmt":"2020-07-31T11:44:21","slug":"contacto","status":"publish","type":"page","link":"https:\/\/www.casa-and-co.com\/es\/contacto\/","title":{"rendered":"Contacto"},"content":{"rendered":"<div class=\"wpb-content-wrapper\"><p>[vc_row][vc_column][vc_empty_space height=&#8221;100&#8243;][\/vc_column][\/vc_row][vc_row][vc_column width=&#8221;1\/2&#8243;][vc_column_text]<\/p>\n<h4>Formulario contacto<\/h4>\n<p>[\/vc_column_text][vc_empty_space height=&#8221;20&#8243;]\n<div class=\"wpcf7 no-js\" id=\"wpcf7-f22898-o1\" lang=\"es-ES\" dir=\"ltr\" data-wpcf7-id=\"22898\">\n<div class=\"screen-reader-response\"><p role=\"status\" aria-live=\"polite\" aria-atomic=\"true\"><\/p> <ul><\/ul><\/div>\n<form action=\"\/es\/wp-json\/wp\/v2\/pages\/20831#wpcf7-f22898-o1\" method=\"post\" class=\"wpcf7-form init\" aria-label=\"Formulario de contacto\" novalidate=\"novalidate\" data-status=\"init\">\n<fieldset class=\"hidden-fields-container\"><input type=\"hidden\" name=\"_wpcf7\" value=\"22898\" \/><input type=\"hidden\" name=\"_wpcf7_version\" value=\"6.1.5\" \/><input type=\"hidden\" name=\"_wpcf7_locale\" value=\"es_ES\" \/><input type=\"hidden\" name=\"_wpcf7_unit_tag\" value=\"wpcf7-f22898-o1\" \/><input type=\"hidden\" name=\"_wpcf7_container_post\" value=\"0\" \/><input type=\"hidden\" name=\"_wpcf7_posted_data_hash\" value=\"\" \/>\n<\/fieldset>\n<p><label> Nombre *<br \/>\n<span class=\"wpcf7-form-control-wrap\" data-name=\"your-name\"><input size=\"40\" maxlength=\"400\" class=\"wpcf7-form-control wpcf7-text wpcf7-validates-as-required\" aria-required=\"true\" aria-invalid=\"false\" value=\"\" type=\"text\" name=\"your-name\" \/><\/span> <\/label>\n<\/p>\n<p><label> Email *<br \/>\n<span class=\"wpcf7-form-control-wrap\" data-name=\"your-email\"><input size=\"40\" maxlength=\"400\" class=\"wpcf7-form-control wpcf7-email wpcf7-validates-as-required wpcf7-text wpcf7-validates-as-email\" aria-required=\"true\" aria-invalid=\"false\" value=\"\" type=\"email\" name=\"your-email\" \/><\/span> <\/label>\n<\/p>\n<p><label>Tel \/ M\u00f3vil *<br \/>\n<span class=\"wpcf7-form-control-wrap\" data-name=\"phonetext-710\"><input size=\"40\" class=\"wpcf7-form-control wpcf7-phonetext wpcf7-validates-as-required wpcf7-text wpcf7-validates-as-phonetext\" aria-required=\"true\" aria-invalid=\"false\" value=\"\" type=\"text\" name=\"phonetext-710\" \/><input type=\"hidden\" name=\"phonetext-710-country-code\" class=\"wpcf7-phonetext-country-code\" \/><\/span><br \/>\n<\/label><br \/>\n<label>Asunto \/ REF<br \/>\n<span class=\"wpcf7-form-control-wrap\" data-name=\"your-subject\"><input size=\"40\" maxlength=\"400\" class=\"wpcf7-form-control wpcf7-text\" aria-invalid=\"false\" value=\"\" type=\"text\" name=\"your-subject\" \/><\/span> <\/label><br \/>\n<label> Comentarios<br \/>\n<span class=\"wpcf7-form-control-wrap\" data-name=\"your-message\"><textarea cols=\"40\" rows=\"10\" maxlength=\"2000\" class=\"wpcf7-form-control wpcf7-textarea\" aria-invalid=\"false\" name=\"your-message\"><\/textarea><\/span> <\/label>\n<\/p>\n<p><label><span class=\"wpcf7-form-control-wrap\" data-name=\"your-consent\"><span class=\"wpcf7-form-control wpcf7-acceptance\"><span class=\"wpcf7-list-item\"><label><input type=\"checkbox\" name=\"your-consent\" value=\"1\" aria-invalid=\"false\" \/><span class=\"wpcf7-list-item-label\">Acepto la <a href=\"\/es\/politica-de-privacidad\/\">Pol\u00edtica de privacidad<\/a>.<\/span><\/label><\/span><\/span><\/span><\/label>\n<\/p>\n<div class=\"cf-turnstile-wrap\" style=\"padding:10px 0 10px 0\">\n\t<div  class=\"cf-turnstile\" data-sitekey=\"0x4AAAAAAAWZBgNxH6ymInyP\" data-theme=\"auto\">\n\t<\/div>\n<\/div>\n<p><span class='wpcf7-form-control-wrap' data-name='aiowps-captcha'><\/span><input class=\"wpcf7-form-control wpcf7-submit has-spinner\" type=\"submit\" value=\"Enviar\" \/>\n<\/p><div class=\"wpcf7-response-output\" aria-hidden=\"true\"><\/div>\n<\/form>\n<\/div>\n[\/vc_column][vc_column width=&#8221;1\/4&#8243;][vc_column_text]<\/p>\n<h4>Contacto<\/h4>\n<p><a href=\"https:\/\/g.page\/CasaandCoImmobilienSantanyi?share\">C.\/ Bisbe Verger 1 | 07650<\/a><br \/>\n+34 971 64 22 00<br \/>\n<a href=\"mailto:info@casa-and-co.com\">info@casa-and-co.com<\/a>[\/vc_column_text][\/vc_column][vc_column width=&#8221;1\/4&#8243;][vc_column_text css=&#8221;.vc_custom_1582650551005{padding-top: 20px !important;padding-right: 20px !important;padding-bottom: 20px !important;padding-left: 20px !important;background-color: #ffffff !important;}&#8221;]<strong>Berga Lieutaud<\/strong><br \/>\nVentas<br \/>\n+34 619 483 300<br \/>\n<a href=\"mailto:berga@casa-and-co.com\">berga@casa-and-co.com<\/a><\/p>\n<p><strong>Mart\u00edn Rodriguez<\/strong><br \/>\nVentas y supervisor de construcciones<br \/>\n+34 669 887 103<br \/>\n<a href=\"mailto:martin@casa-and-co.com\">martin@casa-and-co.com<\/a>[\/vc_column_text][\/vc_column][\/vc_row][vc_row][vc_column][vc_empty_space height=&#8221;100&#8243;][vc_gmaps link=&#8221;#E-8_JTNDaWZyYW1lJTIwc3JjJTNEJTIyaHR0cHMlM0ElMkYlMkZ3d3cuZ29vZ2xlLmNvbSUyRm1hcHMlMkZlbWJlZCUzRnBiJTNEJTIxMW0xOCUyMTFtMTIlMjExbTMlMjExZDMwODUuMDY3ODQ5ODYwNTA1NyUyMTJkMy4xMjU1OTk4MTU4Mjk2MTY1JTIxM2QzOS4zNTQ3MDAwNzk1MDI3NyUyMTJtMyUyMTFmMCUyMTJmMCUyMTNmMCUyMTNtMiUyMTFpMTAyNCUyMTJpNzY4JTIxNGYxMy4xJTIxM20zJTIxMW0yJTIxMXMweDEyOTY1NDliMmI4MzM4MTklMjUzQTB4MTNhYWJlOWZmNjYyNzAyNiUyMTJzQ2FycmVyJTI1MjBkZWwlMjUyMEJpc2JlJTI1MjBWZXJnZXIlMjUyQyUyNTIwMSUyNTJDJTI1MjAwNzY1MCUyNTIwU2FudGFueSUyNUMzJTI1QUQlMjUyQyUyNTIwSWxsZXMlMjUyMEJhbGVhcnMlMjE1ZTAlMjEzbTIlMjExc2VzJTIxMnNlcyUyMTR2MTU3MDAxNDYzMjc1OCUyMTVtMiUyMTFzZXMlMjEyc2VzJTIyJTIwd2lkdGglM0QlMjI2MDAlMjIlMjBoZWlnaHQlM0QlMjI0NTAlMjIlMjBmcmFtZWJvcmRlciUzRCUyMjAlMjIlMjBzdHlsZSUzRCUyMmJvcmRlciUzQTAlM0IlMjIlMjBhbGxvd2Z1bGxzY3JlZW4lM0QlMjIlMjIlM0UlM0MlMkZpZnJhbWUlM0U=&#8221;][\/vc_column][\/vc_row]<\/p>\n<\/div>","protected":false},"excerpt":{"rendered":"<p>[vc_row][vc_column][vc_empty_space height=&#8221;100&#8243;][\/vc_column][\/vc_row][vc_row][vc_column width=&#8221;1\/2&#8243;][vc_column_text] Formulario contacto [\/vc_column_text][vc_empty_space height=&#8221;20&#8243;][\/vc_column][vc_column width=&#8221;1\/4&#8243;][vc_column_text] Contacto C.\/ Bisbe Verger 1 | 07650 +34 971 64 22 00 info@casa-and-co.com[\/vc_column_text][\/vc_column][vc_column width=&#8221;1\/4&#8243;][vc_column_text css=&#8221;.vc_custom_1582650551005{padding-top: 20px !important;padding-right: 20px !important;padding-bottom: 20px !important;padding-left: 20px !important;background-color: #ffffff !important;}&#8221;]Berga Lieutaud Ventas +34 619 483 300 berga@casa-and-co.com Mart\u00edn Rodriguez Ventas y supervisor de construcciones +34 669 887 103 martin@casa-and-co.com[\/vc_column_text][\/vc_column][\/vc_row][vc_row][vc_column][vc_empty_space height=&#8221;100&#8243;][vc_gmaps link=&#8221;#E-8_JTNDaWZyYW1lJTIwc3JjJTNEJTIyaHR0cHMlM0ElMkYlMkZ3d3cuZ29vZ2xlLmNvbSUyRm1hcHMlMkZlbWJlZCUzRnBiJTNEJTIxMW0xOCUyMTFtMTIlMjExbTMlMjExZDMwODUuMDY3ODQ5ODYwNTA1NyUyMTJkMy4xMjU1OTk4MTU4Mjk2MTY1JTIxM2QzOS4zNTQ3MDAwNzk1MDI3NyUyMTJtMyUyMTFmMCUyMTJmMCUyMTNmMCUyMTNtMiUyMTFpMTAyNCUyMTJpNzY4JTIxNGYxMy4xJTIxM20zJTIxMW0yJTIxMXMweDEyOTY1NDliMmI4MzM4MTklMjUzQTB4MTNhYWJlOWZmNjYyNzAyNiUyMTJzQ2FycmVyJTI1MjBkZWwlMjUyMEJpc2JlJTI1MjBWZXJnZXIlMjUyQyUyNTIwMSUyNTJDJTI1MjAwNzY1MCUyNTIwU2FudGFueSUyNUMzJTI1QUQlMjUyQyUyNTIwSWxsZXMlMjUyMEJhbGVhcnMlMjE1ZTAlMjEzbTIlMjExc2VzJTIxMnNlcyUyMTR2MTU3MDAxNDYzMjc1OCUyMTVtMiUyMTFzZXMlMjEyc2VzJTIyJTIwd2lkdGglM0QlMjI2MDAlMjIlMjBoZWlnaHQlM0QlMjI0NTAlMjIlMjBmcmFtZWJvcmRlciUzRCUyMjAlMjIlMjBzdHlsZSUzRCUyMmJvcmRlciUzQTAlM0IlMjIlMjBhbGxvd2Z1bGxzY3JlZW4lM0QlMjIlMjIlM0UlM0MlMkZpZnJhbWUlM0U=&#8221;][\/vc_column][\/vc_row]<\/p>\n","protected":false},"author":1,"featured_media":23080,"parent":0,"menu_order":0,"comment_status":"closed","ping_status":"closed","template":"template\/template-homepage.php","meta":{"footnotes":""},"class_list":["post-20831","page","type-page","status-publish","has-post-thumbnail","hentry"],"yoast_head":"<!-- This site is optimized with the Yoast SEO plugin v26.9 - https:\/\/yoast.com\/product\/yoast-seo-wordpress\/ -->\n<title>Inmobiliaria Santanyi Contacto | Tel\u00e9fono Casa &amp; Co<\/title>\n<meta name=\"description\" content=\"P\u00f3ngase en contacto con Casa &amp; Co. Inmobiliaria Santanyi Contacto &gt;&gt; Tel\u00e9fono \u260e\ufe0f +34 971 64 22 00 y ubicaci\u00f3n de las oficinas en Santany\u00ed.\" \/>\n<meta name=\"robots\" content=\"index, follow, max-snippet:-1, max-image-preview:large, max-video-preview:-1\" \/>\n<link rel=\"canonical\" href=\"https:\/\/www.casa-and-co.com\/es\/contacto\/\" \/>\n<meta property=\"og:locale\" content=\"es_ES\" \/>\n<meta property=\"og:type\" content=\"article\" \/>\n<meta property=\"og:title\" content=\"Inmobiliaria Santanyi Contacto | Tel\u00e9fono Casa &amp; Co\" \/>\n<meta property=\"og:description\" content=\"P\u00f3ngase en contacto con Casa &amp; Co. Inmobiliaria Santanyi Contacto &gt;&gt; Tel\u00e9fono \u260e\ufe0f +34 971 64 22 00 y ubicaci\u00f3n de las oficinas en Santany\u00ed.\" \/>\n<meta property=\"og:url\" content=\"https:\/\/www.casa-and-co.com\/es\/contacto\/\" \/>\n<meta property=\"og:site_name\" content=\"Casa and Co\" \/>\n<meta property=\"article:modified_time\" content=\"2020-07-31T11:44:21+00:00\" \/>\n<meta property=\"og:image\" content=\"https:\/\/www.casa-and-co.com\/wp-content\/uploads\/2019\/08\/casa-and-co-inmobiliaria-real-estate-mallorca.jpg\" \/>\n\t<meta property=\"og:image:width\" content=\"200\" \/>\n\t<meta property=\"og:image:height\" content=\"200\" \/>\n\t<meta property=\"og:image:type\" content=\"image\/jpeg\" \/>\n<meta name=\"twitter:card\" content=\"summary_large_image\" \/>\n<meta name=\"twitter:label1\" content=\"Tiempo de lectura\" \/>\n\t<meta name=\"twitter:data1\" content=\"1 minuto\" \/>\n<script type=\"application\/ld+json\" class=\"yoast-schema-graph\">{\"@context\":\"https:\/\/schema.org\",\"@graph\":[{\"@type\":\"WebPage\",\"@id\":\"https:\/\/www.casa-and-co.com\/es\/contacto\/\",\"url\":\"https:\/\/www.casa-and-co.com\/es\/contacto\/\",\"name\":\"Inmobiliaria Santanyi Contacto | Tel\u00e9fono Casa & Co\",\"isPartOf\":{\"@id\":\"https:\/\/www.casa-and-co.com\/es\/#website\"},\"primaryImageOfPage\":{\"@id\":\"https:\/\/www.casa-and-co.com\/es\/contacto\/#primaryimage\"},\"image\":{\"@id\":\"https:\/\/www.casa-and-co.com\/es\/contacto\/#primaryimage\"},\"thumbnailUrl\":\"https:\/\/www.casa-and-co.com\/wp-content\/uploads\/2019\/08\/casa-and-co-inmobiliaria-real-estate-mallorca.jpg\",\"datePublished\":\"2016-03-16T19:50:28+00:00\",\"dateModified\":\"2020-07-31T11:44:21+00:00\",\"description\":\"P\u00f3ngase en contacto con Casa & Co. Inmobiliaria Santanyi Contacto >> Tel\u00e9fono \u260e\ufe0f +34 971 64 22 00 y ubicaci\u00f3n de las oficinas en Santany\u00ed.\",\"breadcrumb\":{\"@id\":\"https:\/\/www.casa-and-co.com\/es\/contacto\/#breadcrumb\"},\"inLanguage\":\"es\",\"potentialAction\":[{\"@type\":\"ReadAction\",\"target\":[\"https:\/\/www.casa-and-co.com\/es\/contacto\/\"]}]},{\"@type\":\"ImageObject\",\"inLanguage\":\"es\",\"@id\":\"https:\/\/www.casa-and-co.com\/es\/contacto\/#primaryimage\",\"url\":\"https:\/\/www.casa-and-co.com\/wp-content\/uploads\/2019\/08\/casa-and-co-inmobiliaria-real-estate-mallorca.jpg\",\"contentUrl\":\"https:\/\/www.casa-and-co.com\/wp-content\/uploads\/2019\/08\/casa-and-co-inmobiliaria-real-estate-mallorca.jpg\",\"width\":200,\"height\":200,\"caption\":\"Inmobiliaria Santany\u00ed contacto Alquiler santanyi\"},{\"@type\":\"BreadcrumbList\",\"@id\":\"https:\/\/www.casa-and-co.com\/es\/contacto\/#breadcrumb\",\"itemListElement\":[{\"@type\":\"ListItem\",\"position\":1,\"name\":\"Portada\",\"item\":\"https:\/\/www.casa-and-co.com\/es\/\"},{\"@type\":\"ListItem\",\"position\":2,\"name\":\"Contacto\"}]},{\"@type\":\"WebSite\",\"@id\":\"https:\/\/www.casa-and-co.com\/es\/#website\",\"url\":\"https:\/\/www.casa-and-co.com\/es\/\",\"name\":\"Casa and Co\",\"description\":\"Real Estate - Santany\u00ed - Mallorca\",\"publisher\":{\"@id\":\"https:\/\/www.casa-and-co.com\/es\/#organization\"},\"potentialAction\":[{\"@type\":\"SearchAction\",\"target\":{\"@type\":\"EntryPoint\",\"urlTemplate\":\"https:\/\/www.casa-and-co.com\/es\/?s={search_term_string}\"},\"query-input\":{\"@type\":\"PropertyValueSpecification\",\"valueRequired\":true,\"valueName\":\"search_term_string\"}}],\"inLanguage\":\"es\"},{\"@type\":\"Organization\",\"@id\":\"https:\/\/www.casa-and-co.com\/es\/#organization\",\"name\":\"Casa and Co\",\"url\":\"https:\/\/www.casa-and-co.com\/es\/\",\"logo\":{\"@type\":\"ImageObject\",\"inLanguage\":\"es\",\"@id\":\"https:\/\/www.casa-and-co.com\/es\/#\/schema\/logo\/image\/\",\"url\":\"https:\/\/www.casa-and-co.com\/wp-content\/uploads\/2019\/08\/casa-and-co-inmobiliaria-real-estate-mallorca.png\",\"contentUrl\":\"https:\/\/www.casa-and-co.com\/wp-content\/uploads\/2019\/08\/casa-and-co-inmobiliaria-real-estate-mallorca.png\",\"width\":200,\"height\":80,\"caption\":\"Casa and Co\"},\"image\":{\"@id\":\"https:\/\/www.casa-and-co.com\/es\/#\/schema\/logo\/image\/\"}}]}<\/script>\n<!-- \/ Yoast SEO plugin. -->","yoast_head_json":{"title":"Inmobiliaria Santanyi Contacto | Tel\u00e9fono Casa & Co","description":"P\u00f3ngase en contacto con Casa & Co. Inmobiliaria Santanyi Contacto >> Tel\u00e9fono \u260e\ufe0f +34 971 64 22 00 y ubicaci\u00f3n de las oficinas en Santany\u00ed.","robots":{"index":"index","follow":"follow","max-snippet":"max-snippet:-1","max-image-preview":"max-image-preview:large","max-video-preview":"max-video-preview:-1"},"canonical":"https:\/\/www.casa-and-co.com\/es\/contacto\/","og_locale":"es_ES","og_type":"article","og_title":"Inmobiliaria Santanyi Contacto | Tel\u00e9fono Casa & Co","og_description":"P\u00f3ngase en contacto con Casa & Co. Inmobiliaria Santanyi Contacto >> Tel\u00e9fono \u260e\ufe0f +34 971 64 22 00 y ubicaci\u00f3n de las oficinas en Santany\u00ed.","og_url":"https:\/\/www.casa-and-co.com\/es\/contacto\/","og_site_name":"Casa and Co","article_modified_time":"2020-07-31T11:44:21+00:00","og_image":[{"width":200,"height":200,"url":"https:\/\/www.casa-and-co.com\/wp-content\/uploads\/2019\/08\/casa-and-co-inmobiliaria-real-estate-mallorca.jpg","type":"image\/jpeg"}],"twitter_card":"summary_large_image","twitter_misc":{"Tiempo de lectura":"1 minuto"},"schema":{"@context":"https:\/\/schema.org","@graph":[{"@type":"WebPage","@id":"https:\/\/www.casa-and-co.com\/es\/contacto\/","url":"https:\/\/www.casa-and-co.com\/es\/contacto\/","name":"Inmobiliaria Santanyi Contacto | Tel\u00e9fono Casa & Co","isPartOf":{"@id":"https:\/\/www.casa-and-co.com\/es\/#website"},"primaryImageOfPage":{"@id":"https:\/\/www.casa-and-co.com\/es\/contacto\/#primaryimage"},"image":{"@id":"https:\/\/www.casa-and-co.com\/es\/contacto\/#primaryimage"},"thumbnailUrl":"https:\/\/www.casa-and-co.com\/wp-content\/uploads\/2019\/08\/casa-and-co-inmobiliaria-real-estate-mallorca.jpg","datePublished":"2016-03-16T19:50:28+00:00","dateModified":"2020-07-31T11:44:21+00:00","description":"P\u00f3ngase en contacto con Casa & Co. Inmobiliaria Santanyi Contacto >> Tel\u00e9fono \u260e\ufe0f +34 971 64 22 00 y ubicaci\u00f3n de las oficinas en Santany\u00ed.","breadcrumb":{"@id":"https:\/\/www.casa-and-co.com\/es\/contacto\/#breadcrumb"},"inLanguage":"es","potentialAction":[{"@type":"ReadAction","target":["https:\/\/www.casa-and-co.com\/es\/contacto\/"]}]},{"@type":"ImageObject","inLanguage":"es","@id":"https:\/\/www.casa-and-co.com\/es\/contacto\/#primaryimage","url":"https:\/\/www.casa-and-co.com\/wp-content\/uploads\/2019\/08\/casa-and-co-inmobiliaria-real-estate-mallorca.jpg","contentUrl":"https:\/\/www.casa-and-co.com\/wp-content\/uploads\/2019\/08\/casa-and-co-inmobiliaria-real-estate-mallorca.jpg","width":200,"height":200,"caption":"Inmobiliaria Santany\u00ed contacto Alquiler santanyi"},{"@type":"BreadcrumbList","@id":"https:\/\/www.casa-and-co.com\/es\/contacto\/#breadcrumb","itemListElement":[{"@type":"ListItem","position":1,"name":"Portada","item":"https:\/\/www.casa-and-co.com\/es\/"},{"@type":"ListItem","position":2,"name":"Contacto"}]},{"@type":"WebSite","@id":"https:\/\/www.casa-and-co.com\/es\/#website","url":"https:\/\/www.casa-and-co.com\/es\/","name":"Casa and Co","description":"Real Estate - Santany\u00ed - Mallorca","publisher":{"@id":"https:\/\/www.casa-and-co.com\/es\/#organization"},"potentialAction":[{"@type":"SearchAction","target":{"@type":"EntryPoint","urlTemplate":"https:\/\/www.casa-and-co.com\/es\/?s={search_term_string}"},"query-input":{"@type":"PropertyValueSpecification","valueRequired":true,"valueName":"search_term_string"}}],"inLanguage":"es"},{"@type":"Organization","@id":"https:\/\/www.casa-and-co.com\/es\/#organization","name":"Casa and Co","url":"https:\/\/www.casa-and-co.com\/es\/","logo":{"@type":"ImageObject","inLanguage":"es","@id":"https:\/\/www.casa-and-co.com\/es\/#\/schema\/logo\/image\/","url":"https:\/\/www.casa-and-co.com\/wp-content\/uploads\/2019\/08\/casa-and-co-inmobiliaria-real-estate-mallorca.png","contentUrl":"https:\/\/www.casa-and-co.com\/wp-content\/uploads\/2019\/08\/casa-and-co-inmobiliaria-real-estate-mallorca.png","width":200,"height":80,"caption":"Casa and Co"},"image":{"@id":"https:\/\/www.casa-and-co.com\/es\/#\/schema\/logo\/image\/"}}]}},"_links":{"self":[{"href":"https:\/\/www.casa-and-co.com\/es\/wp-json\/wp\/v2\/pages\/20831","targetHints":{"allow":["GET"]}}],"collection":[{"href":"https:\/\/www.casa-and-co.com\/es\/wp-json\/wp\/v2\/pages"}],"about":[{"href":"https:\/\/www.casa-and-co.com\/es\/wp-json\/wp\/v2\/types\/page"}],"author":[{"embeddable":true,"href":"https:\/\/www.casa-and-co.com\/es\/wp-json\/wp\/v2\/users\/1"}],"replies":[{"embeddable":true,"href":"https:\/\/www.casa-and-co.com\/es\/wp-json\/wp\/v2\/comments?post=20831"}],"version-history":[{"count":9,"href":"https:\/\/www.casa-and-co.com\/es\/wp-json\/wp\/v2\/pages\/20831\/revisions"}],"predecessor-version":[{"id":25502,"href":"https:\/\/www.casa-and-co.com\/es\/wp-json\/wp\/v2\/pages\/20831\/revisions\/25502"}],"wp:featuredmedia":[{"embeddable":true,"href":"https:\/\/www.casa-and-co.com\/es\/wp-json\/wp\/v2\/media\/23080"}],"wp:attachment":[{"href":"https:\/\/www.casa-and-co.com\/es\/wp-json\/wp\/v2\/media?parent=20831"}],"curies":[{"name":"wp","href":"https:\/\/api.w.org\/{rel}","templated":true}]}}