{"id":20492,"date":"2016-06-20T21:04:52","date_gmt":"2016-06-20T21:04:52","guid":{"rendered":"https:\/\/casa-and-co.com\/properties-casa-and-co\/"},"modified":"2024-07-17T10:28:09","modified_gmt":"2024-07-17T10:28:09","slug":"inmobiliaria-santanyi","status":"publish","type":"page","link":"https:\/\/www.casa-and-co.com\/es\/inmobiliaria-santanyi\/","title":{"rendered":"Propiedades"},"content":{"rendered":"","protected":false},"excerpt":{"rendered":"","protected":false},"author":1,"featured_media":0,"parent":0,"menu_order":0,"comment_status":"closed","ping_status":"closed","template":"template\/property-listings-map.php","meta":{"footnotes":""},"class_list":["post-20492","page","type-page","status-publish","hentry"],"yoast_head":"<!-- This site is optimized with the Yoast SEO plugin v26.9 - https:\/\/yoast.com\/product\/yoast-seo-wordpress\/ -->\n<title>Inmobiliaria Santany\u00ed | Villas, chalets y pisos en Santany\u00ed<\/title>\n<meta name=\"description\" content=\"Inmobiliaria Santany\u00ed. Mapa de casas en venta en Santanyi. Consulte la ubicaci\u00f3n de nuestras villas, chalets y pisos en venta en Santany\u00ed.\" \/>\n<meta name=\"robots\" content=\"index, follow, max-snippet:-1, max-image-preview:large, max-video-preview:-1\" \/>\n<link rel=\"canonical\" href=\"https:\/\/www.casa-and-co.com\/es\/inmobiliaria-santanyi\/\" \/>\n<meta property=\"og:locale\" content=\"es_ES\" \/>\n<meta property=\"og:type\" content=\"article\" \/>\n<meta property=\"og:title\" content=\"Inmobiliaria Santany\u00ed | Villas, chalets y pisos en Santany\u00ed\" \/>\n<meta property=\"og:description\" content=\"Inmobiliaria Santany\u00ed. Mapa de casas en venta en Santanyi. Consulte la ubicaci\u00f3n de nuestras villas, chalets y pisos en venta en Santany\u00ed.\" \/>\n<meta property=\"og:url\" content=\"https:\/\/www.casa-and-co.com\/es\/inmobiliaria-santanyi\/\" \/>\n<meta property=\"og:site_name\" content=\"Casa and Co\" \/>\n<meta property=\"article:modified_time\" content=\"2024-07-17T10:28:09+00:00\" \/>\n<meta name=\"twitter:card\" content=\"summary_large_image\" \/>\n<script type=\"application\/ld+json\" class=\"yoast-schema-graph\">{\"@context\":\"https:\/\/schema.org\",\"@graph\":[{\"@type\":\"WebPage\",\"@id\":\"https:\/\/www.casa-and-co.com\/es\/inmobiliaria-santanyi\/\",\"url\":\"https:\/\/www.casa-and-co.com\/es\/inmobiliaria-santanyi\/\",\"name\":\"Inmobiliaria Santany\u00ed | Villas, chalets y pisos en Santany\u00ed\",\"isPartOf\":{\"@id\":\"https:\/\/www.casa-and-co.com\/es\/#website\"},\"datePublished\":\"2016-06-20T21:04:52+00:00\",\"dateModified\":\"2024-07-17T10:28:09+00:00\",\"description\":\"Inmobiliaria Santany\u00ed. Mapa de casas en venta en Santanyi. Consulte la ubicaci\u00f3n de nuestras villas, chalets y pisos en venta en Santany\u00ed.\",\"breadcrumb\":{\"@id\":\"https:\/\/www.casa-and-co.com\/es\/inmobiliaria-santanyi\/#breadcrumb\"},\"inLanguage\":\"es\",\"potentialAction\":[{\"@type\":\"ReadAction\",\"target\":[\"https:\/\/www.casa-and-co.com\/es\/inmobiliaria-santanyi\/\"]}]},{\"@type\":\"BreadcrumbList\",\"@id\":\"https:\/\/www.casa-and-co.com\/es\/inmobiliaria-santanyi\/#breadcrumb\",\"itemListElement\":[{\"@type\":\"ListItem\",\"position\":1,\"name\":\"Portada\",\"item\":\"https:\/\/www.casa-and-co.com\/es\/\"},{\"@type\":\"ListItem\",\"position\":2,\"name\":\"Propiedades\"}]},{\"@type\":\"WebSite\",\"@id\":\"https:\/\/www.casa-and-co.com\/es\/#website\",\"url\":\"https:\/\/www.casa-and-co.com\/es\/\",\"name\":\"Casa and Co\",\"description\":\"Real Estate - Santany\u00ed - Mallorca\",\"publisher\":{\"@id\":\"https:\/\/www.casa-and-co.com\/es\/#organization\"},\"potentialAction\":[{\"@type\":\"SearchAction\",\"target\":{\"@type\":\"EntryPoint\",\"urlTemplate\":\"https:\/\/www.casa-and-co.com\/es\/?s={search_term_string}\"},\"query-input\":{\"@type\":\"PropertyValueSpecification\",\"valueRequired\":true,\"valueName\":\"search_term_string\"}}],\"inLanguage\":\"es\"},{\"@type\":\"Organization\",\"@id\":\"https:\/\/www.casa-and-co.com\/es\/#organization\",\"name\":\"Casa and Co\",\"url\":\"https:\/\/www.casa-and-co.com\/es\/\",\"logo\":{\"@type\":\"ImageObject\",\"inLanguage\":\"es\",\"@id\":\"https:\/\/www.casa-and-co.com\/es\/#\/schema\/logo\/image\/\",\"url\":\"https:\/\/www.casa-and-co.com\/wp-content\/uploads\/2019\/08\/casa-and-co-inmobiliaria-real-estate-mallorca.png\",\"contentUrl\":\"https:\/\/www.casa-and-co.com\/wp-content\/uploads\/2019\/08\/casa-and-co-inmobiliaria-real-estate-mallorca.png\",\"width\":200,\"height\":80,\"caption\":\"Casa and Co\"},\"image\":{\"@id\":\"https:\/\/www.casa-and-co.com\/es\/#\/schema\/logo\/image\/\"}}]}<\/script>\n<!-- \/ Yoast SEO plugin. -->","yoast_head_json":{"title":"Inmobiliaria Santany\u00ed | Villas, chalets y pisos en Santany\u00ed","description":"Inmobiliaria Santany\u00ed. Mapa de casas en venta en Santanyi. Consulte la ubicaci\u00f3n de nuestras villas, chalets y pisos en venta en Santany\u00ed.","robots":{"index":"index","follow":"follow","max-snippet":"max-snippet:-1","max-image-preview":"max-image-preview:large","max-video-preview":"max-video-preview:-1"},"canonical":"https:\/\/www.casa-and-co.com\/es\/inmobiliaria-santanyi\/","og_locale":"es_ES","og_type":"article","og_title":"Inmobiliaria Santany\u00ed | Villas, chalets y pisos en Santany\u00ed","og_description":"Inmobiliaria Santany\u00ed. Mapa de casas en venta en Santanyi. Consulte la ubicaci\u00f3n de nuestras villas, chalets y pisos en venta en Santany\u00ed.","og_url":"https:\/\/www.casa-and-co.com\/es\/inmobiliaria-santanyi\/","og_site_name":"Casa and Co","article_modified_time":"2024-07-17T10:28:09+00:00","twitter_card":"summary_large_image","schema":{"@context":"https:\/\/schema.org","@graph":[{"@type":"WebPage","@id":"https:\/\/www.casa-and-co.com\/es\/inmobiliaria-santanyi\/","url":"https:\/\/www.casa-and-co.com\/es\/inmobiliaria-santanyi\/","name":"Inmobiliaria Santany\u00ed | Villas, chalets y pisos en Santany\u00ed","isPartOf":{"@id":"https:\/\/www.casa-and-co.com\/es\/#website"},"datePublished":"2016-06-20T21:04:52+00:00","dateModified":"2024-07-17T10:28:09+00:00","description":"Inmobiliaria Santany\u00ed. Mapa de casas en venta en Santanyi. Consulte la ubicaci\u00f3n de nuestras villas, chalets y pisos en venta en Santany\u00ed.","breadcrumb":{"@id":"https:\/\/www.casa-and-co.com\/es\/inmobiliaria-santanyi\/#breadcrumb"},"inLanguage":"es","potentialAction":[{"@type":"ReadAction","target":["https:\/\/www.casa-and-co.com\/es\/inmobiliaria-santanyi\/"]}]},{"@type":"BreadcrumbList","@id":"https:\/\/www.casa-and-co.com\/es\/inmobiliaria-santanyi\/#breadcrumb","itemListElement":[{"@type":"ListItem","position":1,"name":"Portada","item":"https:\/\/www.casa-and-co.com\/es\/"},{"@type":"ListItem","position":2,"name":"Propiedades"}]},{"@type":"WebSite","@id":"https:\/\/www.casa-and-co.com\/es\/#website","url":"https:\/\/www.casa-and-co.com\/es\/","name":"Casa and Co","description":"Real Estate - Santany\u00ed - Mallorca","publisher":{"@id":"https:\/\/www.casa-and-co.com\/es\/#organization"},"potentialAction":[{"@type":"SearchAction","target":{"@type":"EntryPoint","urlTemplate":"https:\/\/www.casa-and-co.com\/es\/?s={search_term_string}"},"query-input":{"@type":"PropertyValueSpecification","valueRequired":true,"valueName":"search_term_string"}}],"inLanguage":"es"},{"@type":"Organization","@id":"https:\/\/www.casa-and-co.com\/es\/#organization","name":"Casa and Co","url":"https:\/\/www.casa-and-co.com\/es\/","logo":{"@type":"ImageObject","inLanguage":"es","@id":"https:\/\/www.casa-and-co.com\/es\/#\/schema\/logo\/image\/","url":"https:\/\/www.casa-and-co.com\/wp-content\/uploads\/2019\/08\/casa-and-co-inmobiliaria-real-estate-mallorca.png","contentUrl":"https:\/\/www.casa-and-co.com\/wp-content\/uploads\/2019\/08\/casa-and-co-inmobiliaria-real-estate-mallorca.png","width":200,"height":80,"caption":"Casa and Co"},"image":{"@id":"https:\/\/www.casa-and-co.com\/es\/#\/schema\/logo\/image\/"}}]}},"_links":{"self":[{"href":"https:\/\/www.casa-and-co.com\/es\/wp-json\/wp\/v2\/pages\/20492","targetHints":{"allow":["GET"]}}],"collection":[{"href":"https:\/\/www.casa-and-co.com\/es\/wp-json\/wp\/v2\/pages"}],"about":[{"href":"https:\/\/www.casa-and-co.com\/es\/wp-json\/wp\/v2\/types\/page"}],"author":[{"embeddable":true,"href":"https:\/\/www.casa-and-co.com\/es\/wp-json\/wp\/v2\/users\/1"}],"replies":[{"embeddable":true,"href":"https:\/\/www.casa-and-co.com\/es\/wp-json\/wp\/v2\/comments?post=20492"}],"version-history":[{"count":1,"href":"https:\/\/www.casa-and-co.com\/es\/wp-json\/wp\/v2\/pages\/20492\/revisions"}],"predecessor-version":[{"id":35115,"href":"https:\/\/www.casa-and-co.com\/es\/wp-json\/wp\/v2\/pages\/20492\/revisions\/35115"}],"wp:attachment":[{"href":"https:\/\/www.casa-and-co.com\/es\/wp-json\/wp\/v2\/media?parent=20492"}],"curies":[{"name":"wp","href":"https:\/\/api.w.org\/{rel}","templated":true}]}}