{"id":20477,"date":"2019-03-06T17:39:08","date_gmt":"2019-03-06T17:39:08","guid":{"rendered":"https:\/\/casa-and-co.com\/construction-management\/"},"modified":"2020-07-31T11:36:09","modified_gmt":"2020-07-31T11:36:09","slug":"gestion-obras-santanyi","status":"publish","type":"page","link":"https:\/\/www.casa-and-co.com\/es\/gestion-obras-santanyi\/","title":{"rendered":"Gesti\u00f3n de obras"},"content":{"rendered":"<div class=\"wpb-content-wrapper\"><p>[vc_row][vc_column][vc_empty_space height=&#8221;85&#8243;][vc_column_text]<\/p>\n<h1 class=\"postheader\">Servicio de Gesti\u00f3n y Direcci\u00f3n de Proyectos de nueva construcci\u00f3n, reforma y\/o rehabilitaci\u00f3n.<\/h1>\n<p>[\/vc_column_text][vc_empty_space height=&#8221;45&#8243;][\/vc_column][\/vc_row][vc_row][vc_column width=&#8221;1\/2&#8243;][vc_column_text]<\/p>\n<h2 class=\"postheader\">Nuestros servicios de gesti\u00f3n de obras son:<\/h2>\n<div class=\"postcontent\">\n<ol>\n<li>A\u00f1os de experiencia en la atenci\u00f3n directa y personalizada al cliente.<\/li>\n<li>Asesoramiento en la elecci\u00f3n del\u00a0<strong>Arquitecto<\/strong>\u00a0director de su proyecto que m\u00e1s se adecue a sus necesidades.<\/li>\n<li>Tramitaci\u00f3n y seguimiento de toda la documentaci\u00f3n y gestiones para la obtenci\u00f3n tanto de todos los\u00a0<strong>permisos y licencias<\/strong> de obras para iniciar los trabajos.<\/li>\n<li>Comparativa de diferentes\u00a0<strong>presupuestos de obra <\/strong>prove\u00eddos por varias empresas constructoras.<\/li>\n<li>Negociaci\u00f3n de\u00a0<strong>plazos de ejecuci\u00f3n y condiciones de pago<\/strong>\u00a0adecuadas para la correcta realizaci\u00f3n de los trabajos.<\/li>\n<li>Redacci\u00f3n de un\u00a0<strong>contrato<\/strong>\u00a0que otorgue la debida protecci\u00f3n ante eventuales desacuerdos durante el transcurso de las obras.<\/li>\n<li><strong>Supervisi\u00f3n, colaboraci\u00f3n<\/strong> y gesti\u00f3n de obras con la direcci\u00f3n t\u00e9cnica y facultativa del proyecto durante todo el proceso de construcci\u00f3n.<\/li>\n<li>Contrataci\u00f3n de suministro de\u00a0<strong>agua<\/strong>\u00a0corriente y de\u00a0<strong>electricidad<\/strong>\u00a0durante y despu\u00e9s de las obras.<\/li>\n<li>Realizaci\u00f3n de\u00a0<strong>informes peri\u00f3dicos<\/strong>\u00a0y env\u00edo al promotor del\u00a0<strong>seguimiento gr\u00e1fico<\/strong>\u00a0(foto y v\u00eddeo) de los trabajos.<\/li>\n<li>Obtenci\u00f3n de todos los\u00a0<strong>certificados de final de obras<\/strong>:\n<ul>\n<li><strong>Licencia de primera ocupaci\u00f3n.<\/strong><\/li>\n<li><strong>C\u00e9dula de habitabilidad.<\/strong><\/li>\n<li><strong>Tramitaci\u00f3n catastral.<\/strong><\/li>\n<\/ul>\n<\/li>\n<\/ol>\n<p style=\"text-align: center;\"><a href=\"https:\/\/www.casa-and-co.com\/es\/contacto\/\">Contacta con Casa &amp; Co Inmobiliaria Santanyi<\/a><\/p>\n<p style=\"text-align: center;\"><a href=\"https:\/\/www.google.com\/search?tbm=lcl&amp;ei=OStyXpSiJ-Go8gK57JLgBQ&amp;q=immobilien+santanyi+casa+and+co&amp;oq=immobilien+santanyi+casa+and+co&amp;gs_l=psy-ab.12..33i160k1.15460.18270.0.20165.14.14.0.0.0.0.139.1283.2j10.12.0....0...1c.1.64.psy-ab..2.12.1281...38j0i22i30k1j33i22i29i30k1.0.jahl2lBjJJo#rlfi=hd:;si:1557582898299350719;mv:[[39.35488007731903,3.1280212588370397],[39.354520122680974,3.127555741162961]]\">\u00a0C.\/ Bisbe Verger 1 | 07650 | Santanyi<\/a><\/p>\n<\/div>\n<p>[\/vc_column_text][\/vc_column][vc_column width=&#8221;1\/2&#8243;][vc_gallery type=&#8221;image_grid&#8221; images=&#8221;20337,20380,20347,20342,20357,20352,20362,20370,20375&#8243; onclick=&#8221;&#8221; css_animation=&#8221;fadeIn&#8221;][\/vc_column][\/vc_row][vc_row][vc_column width=&#8221;1\/6&#8243;][\/vc_column][vc_column width=&#8221;2\/3&#8243;][vc_empty_space height=&#8221;50px&#8221;][vc_separator][vc_empty_space height=&#8221;50px&#8221;][\/vc_column][vc_column width=&#8221;1\/6&#8243;][\/vc_column][\/vc_row]<\/p>\n<\/div>","protected":false},"excerpt":{"rendered":"<p>[vc_row][vc_column][vc_empty_space height=&#8221;85&#8243;][vc_column_text] Servicio de Gesti\u00f3n y Direcci\u00f3n de Proyectos de nueva construcci\u00f3n, reforma y\/o rehabilitaci\u00f3n. [\/vc_column_text][vc_empty_space height=&#8221;45&#8243;][\/vc_column][\/vc_row][vc_row][vc_column width=&#8221;1\/2&#8243;][vc_column_text] Nuestros servicios de gesti\u00f3n de obras son: A\u00f1os de experiencia en la atenci\u00f3n directa y personalizada al cliente. Asesoramiento en la elecci\u00f3n del\u00a0Arquitecto\u00a0director de su proyecto que m\u00e1s se adecue a sus necesidades. Tramitaci\u00f3n y seguimiento de [&hellip;]<\/p>\n","protected":false},"author":1,"featured_media":23226,"parent":0,"menu_order":0,"comment_status":"closed","ping_status":"closed","template":"template\/template-homepage.php","meta":{"footnotes":""},"class_list":["post-20477","page","type-page","status-publish","has-post-thumbnail","hentry"],"yoast_head":"<!-- This site is optimized with the Yoast SEO plugin v26.9 - https:\/\/yoast.com\/product\/yoast-seo-wordpress\/ -->\n<title>Gesti\u00f3n de obras | Licencia Obras Santany\u00ed | Arquitecto Santany\u00ed<\/title>\n<meta name=\"description\" content=\"Casa &amp; Co ofrece servicios de gesti\u00f3n de obras en Santany\u00ed: gesti\u00f3n de tr\u00e1mites y licencia de obras, arquitecto y direcci\u00f3n de proyectos.\" \/>\n<meta name=\"robots\" content=\"index, follow, max-snippet:-1, max-image-preview:large, max-video-preview:-1\" \/>\n<link rel=\"canonical\" href=\"https:\/\/www.casa-and-co.com\/es\/gestion-obras-santanyi\/\" \/>\n<meta property=\"og:locale\" content=\"es_ES\" \/>\n<meta property=\"og:type\" content=\"article\" \/>\n<meta property=\"og:title\" content=\"Gesti\u00f3n de obras | Licencia Obras Santany\u00ed | Arquitecto Santany\u00ed\" \/>\n<meta property=\"og:description\" content=\"Casa &amp; Co ofrece servicios de gesti\u00f3n de obras en Santany\u00ed: gesti\u00f3n de tr\u00e1mites y licencia de obras, arquitecto y direcci\u00f3n de proyectos.\" \/>\n<meta property=\"og:url\" content=\"https:\/\/www.casa-and-co.com\/es\/gestion-obras-santanyi\/\" \/>\n<meta property=\"og:site_name\" content=\"Casa and Co\" \/>\n<meta property=\"article:modified_time\" content=\"2020-07-31T11:36:09+00:00\" \/>\n<meta property=\"og:image\" content=\"https:\/\/www.casa-and-co.com\/wp-content\/uploads\/2019\/08\/20.PP2_.jpg\" \/>\n\t<meta property=\"og:image:width\" content=\"1200\" \/>\n\t<meta property=\"og:image:height\" content=\"675\" \/>\n\t<meta property=\"og:image:type\" content=\"image\/jpeg\" \/>\n<meta name=\"twitter:card\" content=\"summary_large_image\" \/>\n<meta name=\"twitter:label1\" content=\"Tiempo de lectura\" \/>\n\t<meta name=\"twitter:data1\" content=\"2 minutos\" \/>\n<script type=\"application\/ld+json\" class=\"yoast-schema-graph\">{\"@context\":\"https:\/\/schema.org\",\"@graph\":[{\"@type\":\"WebPage\",\"@id\":\"https:\/\/www.casa-and-co.com\/es\/gestion-obras-santanyi\/\",\"url\":\"https:\/\/www.casa-and-co.com\/es\/gestion-obras-santanyi\/\",\"name\":\"Gesti\u00f3n de obras | Licencia Obras Santany\u00ed | Arquitecto Santany\u00ed\",\"isPartOf\":{\"@id\":\"https:\/\/www.casa-and-co.com\/es\/#website\"},\"primaryImageOfPage\":{\"@id\":\"https:\/\/www.casa-and-co.com\/es\/gestion-obras-santanyi\/#primaryimage\"},\"image\":{\"@id\":\"https:\/\/www.casa-and-co.com\/es\/gestion-obras-santanyi\/#primaryimage\"},\"thumbnailUrl\":\"https:\/\/www.casa-and-co.com\/wp-content\/uploads\/2019\/08\/20.PP2_.jpg\",\"datePublished\":\"2019-03-06T17:39:08+00:00\",\"dateModified\":\"2020-07-31T11:36:09+00:00\",\"description\":\"Casa & Co ofrece servicios de gesti\u00f3n de obras en Santany\u00ed: gesti\u00f3n de tr\u00e1mites y licencia de obras, arquitecto y direcci\u00f3n de proyectos.\",\"breadcrumb\":{\"@id\":\"https:\/\/www.casa-and-co.com\/es\/gestion-obras-santanyi\/#breadcrumb\"},\"inLanguage\":\"es\",\"potentialAction\":[{\"@type\":\"ReadAction\",\"target\":[\"https:\/\/www.casa-and-co.com\/es\/gestion-obras-santanyi\/\"]}]},{\"@type\":\"ImageObject\",\"inLanguage\":\"es\",\"@id\":\"https:\/\/www.casa-and-co.com\/es\/gestion-obras-santanyi\/#primaryimage\",\"url\":\"https:\/\/www.casa-and-co.com\/wp-content\/uploads\/2019\/08\/20.PP2_.jpg\",\"contentUrl\":\"https:\/\/www.casa-and-co.com\/wp-content\/uploads\/2019\/08\/20.PP2_.jpg\",\"width\":1200,\"height\":675,\"caption\":\"gesti\u00f3n de obras\"},{\"@type\":\"BreadcrumbList\",\"@id\":\"https:\/\/www.casa-and-co.com\/es\/gestion-obras-santanyi\/#breadcrumb\",\"itemListElement\":[{\"@type\":\"ListItem\",\"position\":1,\"name\":\"Portada\",\"item\":\"https:\/\/www.casa-and-co.com\/es\/\"},{\"@type\":\"ListItem\",\"position\":2,\"name\":\"Gesti\u00f3n de obras\"}]},{\"@type\":\"WebSite\",\"@id\":\"https:\/\/www.casa-and-co.com\/es\/#website\",\"url\":\"https:\/\/www.casa-and-co.com\/es\/\",\"name\":\"Casa and Co\",\"description\":\"Real Estate - Santany\u00ed - Mallorca\",\"publisher\":{\"@id\":\"https:\/\/www.casa-and-co.com\/es\/#organization\"},\"potentialAction\":[{\"@type\":\"SearchAction\",\"target\":{\"@type\":\"EntryPoint\",\"urlTemplate\":\"https:\/\/www.casa-and-co.com\/es\/?s={search_term_string}\"},\"query-input\":{\"@type\":\"PropertyValueSpecification\",\"valueRequired\":true,\"valueName\":\"search_term_string\"}}],\"inLanguage\":\"es\"},{\"@type\":\"Organization\",\"@id\":\"https:\/\/www.casa-and-co.com\/es\/#organization\",\"name\":\"Casa and Co\",\"url\":\"https:\/\/www.casa-and-co.com\/es\/\",\"logo\":{\"@type\":\"ImageObject\",\"inLanguage\":\"es\",\"@id\":\"https:\/\/www.casa-and-co.com\/es\/#\/schema\/logo\/image\/\",\"url\":\"https:\/\/www.casa-and-co.com\/wp-content\/uploads\/2019\/08\/casa-and-co-inmobiliaria-real-estate-mallorca.png\",\"contentUrl\":\"https:\/\/www.casa-and-co.com\/wp-content\/uploads\/2019\/08\/casa-and-co-inmobiliaria-real-estate-mallorca.png\",\"width\":200,\"height\":80,\"caption\":\"Casa and Co\"},\"image\":{\"@id\":\"https:\/\/www.casa-and-co.com\/es\/#\/schema\/logo\/image\/\"}}]}<\/script>\n<!-- \/ Yoast SEO plugin. -->","yoast_head_json":{"title":"Gesti\u00f3n de obras | Licencia Obras Santany\u00ed | Arquitecto Santany\u00ed","description":"Casa & Co ofrece servicios de gesti\u00f3n de obras en Santany\u00ed: gesti\u00f3n de tr\u00e1mites y licencia de obras, arquitecto y direcci\u00f3n de proyectos.","robots":{"index":"index","follow":"follow","max-snippet":"max-snippet:-1","max-image-preview":"max-image-preview:large","max-video-preview":"max-video-preview:-1"},"canonical":"https:\/\/www.casa-and-co.com\/es\/gestion-obras-santanyi\/","og_locale":"es_ES","og_type":"article","og_title":"Gesti\u00f3n de obras | Licencia Obras Santany\u00ed | Arquitecto Santany\u00ed","og_description":"Casa & Co ofrece servicios de gesti\u00f3n de obras en Santany\u00ed: gesti\u00f3n de tr\u00e1mites y licencia de obras, arquitecto y direcci\u00f3n de proyectos.","og_url":"https:\/\/www.casa-and-co.com\/es\/gestion-obras-santanyi\/","og_site_name":"Casa and Co","article_modified_time":"2020-07-31T11:36:09+00:00","og_image":[{"width":1200,"height":675,"url":"https:\/\/www.casa-and-co.com\/wp-content\/uploads\/2019\/08\/20.PP2_.jpg","type":"image\/jpeg"}],"twitter_card":"summary_large_image","twitter_misc":{"Tiempo de lectura":"2 minutos"},"schema":{"@context":"https:\/\/schema.org","@graph":[{"@type":"WebPage","@id":"https:\/\/www.casa-and-co.com\/es\/gestion-obras-santanyi\/","url":"https:\/\/www.casa-and-co.com\/es\/gestion-obras-santanyi\/","name":"Gesti\u00f3n de obras | Licencia Obras Santany\u00ed | Arquitecto Santany\u00ed","isPartOf":{"@id":"https:\/\/www.casa-and-co.com\/es\/#website"},"primaryImageOfPage":{"@id":"https:\/\/www.casa-and-co.com\/es\/gestion-obras-santanyi\/#primaryimage"},"image":{"@id":"https:\/\/www.casa-and-co.com\/es\/gestion-obras-santanyi\/#primaryimage"},"thumbnailUrl":"https:\/\/www.casa-and-co.com\/wp-content\/uploads\/2019\/08\/20.PP2_.jpg","datePublished":"2019-03-06T17:39:08+00:00","dateModified":"2020-07-31T11:36:09+00:00","description":"Casa & Co ofrece servicios de gesti\u00f3n de obras en Santany\u00ed: gesti\u00f3n de tr\u00e1mites y licencia de obras, arquitecto y direcci\u00f3n de proyectos.","breadcrumb":{"@id":"https:\/\/www.casa-and-co.com\/es\/gestion-obras-santanyi\/#breadcrumb"},"inLanguage":"es","potentialAction":[{"@type":"ReadAction","target":["https:\/\/www.casa-and-co.com\/es\/gestion-obras-santanyi\/"]}]},{"@type":"ImageObject","inLanguage":"es","@id":"https:\/\/www.casa-and-co.com\/es\/gestion-obras-santanyi\/#primaryimage","url":"https:\/\/www.casa-and-co.com\/wp-content\/uploads\/2019\/08\/20.PP2_.jpg","contentUrl":"https:\/\/www.casa-and-co.com\/wp-content\/uploads\/2019\/08\/20.PP2_.jpg","width":1200,"height":675,"caption":"gesti\u00f3n de obras"},{"@type":"BreadcrumbList","@id":"https:\/\/www.casa-and-co.com\/es\/gestion-obras-santanyi\/#breadcrumb","itemListElement":[{"@type":"ListItem","position":1,"name":"Portada","item":"https:\/\/www.casa-and-co.com\/es\/"},{"@type":"ListItem","position":2,"name":"Gesti\u00f3n de obras"}]},{"@type":"WebSite","@id":"https:\/\/www.casa-and-co.com\/es\/#website","url":"https:\/\/www.casa-and-co.com\/es\/","name":"Casa and Co","description":"Real Estate - Santany\u00ed - Mallorca","publisher":{"@id":"https:\/\/www.casa-and-co.com\/es\/#organization"},"potentialAction":[{"@type":"SearchAction","target":{"@type":"EntryPoint","urlTemplate":"https:\/\/www.casa-and-co.com\/es\/?s={search_term_string}"},"query-input":{"@type":"PropertyValueSpecification","valueRequired":true,"valueName":"search_term_string"}}],"inLanguage":"es"},{"@type":"Organization","@id":"https:\/\/www.casa-and-co.com\/es\/#organization","name":"Casa and Co","url":"https:\/\/www.casa-and-co.com\/es\/","logo":{"@type":"ImageObject","inLanguage":"es","@id":"https:\/\/www.casa-and-co.com\/es\/#\/schema\/logo\/image\/","url":"https:\/\/www.casa-and-co.com\/wp-content\/uploads\/2019\/08\/casa-and-co-inmobiliaria-real-estate-mallorca.png","contentUrl":"https:\/\/www.casa-and-co.com\/wp-content\/uploads\/2019\/08\/casa-and-co-inmobiliaria-real-estate-mallorca.png","width":200,"height":80,"caption":"Casa and Co"},"image":{"@id":"https:\/\/www.casa-and-co.com\/es\/#\/schema\/logo\/image\/"}}]}},"_links":{"self":[{"href":"https:\/\/www.casa-and-co.com\/es\/wp-json\/wp\/v2\/pages\/20477","targetHints":{"allow":["GET"]}}],"collection":[{"href":"https:\/\/www.casa-and-co.com\/es\/wp-json\/wp\/v2\/pages"}],"about":[{"href":"https:\/\/www.casa-and-co.com\/es\/wp-json\/wp\/v2\/types\/page"}],"author":[{"embeddable":true,"href":"https:\/\/www.casa-and-co.com\/es\/wp-json\/wp\/v2\/users\/1"}],"replies":[{"embeddable":true,"href":"https:\/\/www.casa-and-co.com\/es\/wp-json\/wp\/v2\/comments?post=20477"}],"version-history":[{"count":1,"href":"https:\/\/www.casa-and-co.com\/es\/wp-json\/wp\/v2\/pages\/20477\/revisions"}],"predecessor-version":[{"id":24982,"href":"https:\/\/www.casa-and-co.com\/es\/wp-json\/wp\/v2\/pages\/20477\/revisions\/24982"}],"wp:featuredmedia":[{"embeddable":true,"href":"https:\/\/www.casa-and-co.com\/es\/wp-json\/wp\/v2\/media\/23226"}],"wp:attachment":[{"href":"https:\/\/www.casa-and-co.com\/es\/wp-json\/wp\/v2\/media?parent=20477"}],"curies":[{"name":"wp","href":"https:\/\/api.w.org\/{rel}","templated":true}]}}