{"id":20323,"date":"2016-03-10T14:36:36","date_gmt":"2016-03-10T14:36:36","guid":{"rendered":"https:\/\/casa-and-co.com\/we-are-2\/"},"modified":"2024-07-17T11:23:22","modified_gmt":"2024-07-17T11:23:22","slug":"inmobiliaria-santanyi-contacto","status":"publish","type":"page","link":"https:\/\/www.casa-and-co.com\/es\/inmobiliaria-santanyi-contacto\/","title":{"rendered":"Nosotros"},"content":{"rendered":"<div class=\"wpb-content-wrapper\"><p>[vc_row][vc_column][vc_empty_space height=&#8221;85&#8243;][vc_column_text]<\/p>\n<h1 class=\"postheader\">Bienvenidos<\/h1>\n<p>[\/vc_column_text][vc_empty_space height=&#8221;45&#8243;][\/vc_column][\/vc_row][vc_row][vc_column width=&#8221;1\/2&#8243;][vc_column_text]<\/p>\n<p style=\"text-align: justify;\">\u2026 a la isla de Mallorca, la m\u00e1s extensa de las islas Baleares, bien llamada la \u201cCalifornia del mar Mediterr\u00e1neo\u201d por su clima suave y agradable, y sus conexiones r\u00e1pidas entre Palma de Mallorca y los aeropuertos de todas las capitales de Europa.<\/p>\n<p style=\"text-align: justify;\">Las ofertas de nuestra agencia inmobiliaria en Santany\u00ed est\u00e1n concentradas en el Sur y Sureste de la isla, una zona de calas salvajes y playas protegidas, de puertos de pescadores, de molinos, de cultura aut\u00e9ntica mallorquina, de mercados de producci\u00f3n local, y del parque natural de Mondrag\u00f3. Estos pueblos antiguos con casas de piedra y patios llenos de vegetaci\u00f3n le dejar\u00e1n alguna sensaci\u00f3n de haber descubierto un para\u00edso secreto. En nuestra web encontrar\u00e1 fincas, casas de pueblo, terrenos construibles o apartamentos, todos seleccionados por su lado atractivo e interesante, su car\u00e1cter, su arquitectura, sus vistas al mar o a las colinas, o por su situaci\u00f3n&#8230;<\/p>\n<p>[\/vc_column_text][\/vc_column][vc_column width=&#8221;1\/2&#8243;][vc_column_text]Santanyi, Alquer\u00eda Blanca, Cala Figuera, Cala Llombards, Cas Concos, Felanitx, Llombards, S&#8217;Almunia, Ses Salines,&#8230;<\/p>\n<p>En nuestra inmobiliaria en Santany\u00ed tendr\u00e1 apoyo en la <a href=\"https:\/\/www.casa-and-co.com\/es\/gestion-obras-santanyi\/\">gesti\u00f3n de obras<\/a>, sea de construcci\u00f3n nueva, de reforma o de restauraci\u00f3n, con contacto con arquitectos y constructores profesionales.<\/p>\n<p>Tambi\u00e9n tendr\u00e1 alguien para ocuparse del mantenimiento de su propiedad, jard\u00edn, o piscina, y ayudarle en las situaciones cotidianas dif\u00edciles de resolver en un idioma desconocido o un pa\u00eds extranjero.<\/p>\n<h2>Casa &amp; Co, Inmobiliaria Santany\u00ed<\/h2>\n<p><a href=\"https:\/\/www.google.com\/search?tbm=lcl&amp;ei=OStyXpSiJ-Go8gK57JLgBQ&amp;q=immobilien+santanyi+casa+and+co&amp;oq=immobilien+santanyi+casa+and+co&amp;gs_l=psy-ab.12..33i160k1.15460.18270.0.20165.14.14.0.0.0.0.139.1283.2j10.12.0....0...1c.1.64.psy-ab..2.12.1281...38j0i22i30k1j33i22i29i30k1.0.jahl2lBjJJo#rlfi=hd:;si:1557582898299350719;mv:[[39.35488007731903,3.1280212588370397],[39.354520122680974,3.127555741162961]]\">\u00a0C.\/ Bisbe Verger 1 | 07650 | Santanyi<\/a>[\/vc_column_text][\/vc_column][\/vc_row][vc_row][vc_column width=&#8221;1\/6&#8243;][\/vc_column][vc_column width=&#8221;2\/3&#8243;][vc_empty_space height=&#8221;50px&#8221;][vc_separator][vc_empty_space height=&#8221;50px&#8221;][\/vc_column][vc_column width=&#8221;1\/6&#8243;][\/vc_column][\/vc_row][vc_row full_width=&#8221;stretch_row_content&#8221; css_animation=&#8221;fadeIn&#8221; css=&#8221;.vc_custom_1553859511342{background-image: url(https:\/\/casa-and-co.com\/wp-content\/uploads\/2019\/02\/casa-and-co-inmobiliaria-santanyi.jpg?id=8223) !important;}&#8221;][vc_column][vc_empty_space height=&#8221;200px&#8221;][vc_column_text]<\/p>\n<h2 class=\"pleasure_of_living\">The pleasure of living<\/h2>\n<p>[\/vc_column_text][vc_empty_space height=&#8221;200px&#8221;][\/vc_column][\/vc_row]<\/p>\n<\/div>","protected":false},"excerpt":{"rendered":"<p>[vc_row][vc_column][vc_empty_space height=&#8221;85&#8243;][vc_column_text] Bienvenidos [\/vc_column_text][vc_empty_space height=&#8221;45&#8243;][\/vc_column][\/vc_row][vc_row][vc_column width=&#8221;1\/2&#8243;][vc_column_text] \u2026 a la isla de Mallorca, la m\u00e1s extensa de las islas Baleares, bien llamada la \u201cCalifornia del mar Mediterr\u00e1neo\u201d por su clima suave y agradable, y sus conexiones r\u00e1pidas entre Palma de Mallorca y los aeropuertos de todas las capitales de Europa. Las ofertas de nuestra agencia inmobiliaria [&hellip;]<\/p>\n","protected":false},"author":1,"featured_media":20118,"parent":0,"menu_order":0,"comment_status":"closed","ping_status":"closed","template":"template\/template-homepage.php","meta":{"footnotes":""},"class_list":["post-20323","page","type-page","status-publish","has-post-thumbnail","hentry"],"yoast_head":"<!-- This site is optimized with the Yoast SEO plugin v26.9 - https:\/\/yoast.com\/product\/yoast-seo-wordpress\/ -->\n<title>Inmobiliaria en Santany\u00ed | Fincas Santanyi | Casas en venta en Mallorca<\/title>\n<meta name=\"description\" content=\"Inmobiliaria en Santany\u00ed. Propiedades exclusivas y a medida. Consulte nuestro portfolio de fincas en Santanyi \u260e\ufe0f + 34 971 64 22 00.\" \/>\n<meta name=\"robots\" content=\"index, follow, max-snippet:-1, max-image-preview:large, max-video-preview:-1\" \/>\n<link rel=\"canonical\" href=\"https:\/\/www.casa-and-co.com\/es\/inmobiliaria-santanyi-contacto\/\" \/>\n<meta property=\"og:locale\" content=\"es_ES\" \/>\n<meta property=\"og:type\" content=\"article\" \/>\n<meta property=\"og:title\" content=\"Inmobiliaria en Santany\u00ed | Fincas Santanyi | Casas en venta en Mallorca\" \/>\n<meta property=\"og:description\" content=\"Inmobiliaria en Santany\u00ed. Propiedades exclusivas y a medida. Consulte nuestro portfolio de fincas en Santanyi \u260e\ufe0f + 34 971 64 22 00.\" \/>\n<meta property=\"og:url\" content=\"https:\/\/www.casa-and-co.com\/es\/inmobiliaria-santanyi-contacto\/\" \/>\n<meta property=\"og:site_name\" content=\"Casa and Co\" \/>\n<meta property=\"article:modified_time\" content=\"2024-07-17T11:23:22+00:00\" \/>\n<meta property=\"og:image\" content=\"https:\/\/www.casa-and-co.com\/wp-content\/uploads\/2019\/03\/f102_0_gr.jpg\" \/>\n\t<meta property=\"og:image:width\" content=\"654\" \/>\n\t<meta property=\"og:image:height\" content=\"460\" \/>\n\t<meta property=\"og:image:type\" content=\"image\/jpeg\" \/>\n<meta name=\"twitter:card\" content=\"summary_large_image\" \/>\n<meta name=\"twitter:label1\" content=\"Tiempo de lectura\" \/>\n\t<meta name=\"twitter:data1\" content=\"2 minutos\" \/>\n<script type=\"application\/ld+json\" class=\"yoast-schema-graph\">{\"@context\":\"https:\/\/schema.org\",\"@graph\":[{\"@type\":\"WebPage\",\"@id\":\"https:\/\/www.casa-and-co.com\/es\/inmobiliaria-santanyi-contacto\/\",\"url\":\"https:\/\/www.casa-and-co.com\/es\/inmobiliaria-santanyi-contacto\/\",\"name\":\"Inmobiliaria en Santany\u00ed | Fincas Santanyi | Casas en venta en Mallorca\",\"isPartOf\":{\"@id\":\"https:\/\/www.casa-and-co.com\/es\/#website\"},\"primaryImageOfPage\":{\"@id\":\"https:\/\/www.casa-and-co.com\/es\/inmobiliaria-santanyi-contacto\/#primaryimage\"},\"image\":{\"@id\":\"https:\/\/www.casa-and-co.com\/es\/inmobiliaria-santanyi-contacto\/#primaryimage\"},\"thumbnailUrl\":\"https:\/\/www.casa-and-co.com\/wp-content\/uploads\/2019\/03\/f102_0_gr.jpg\",\"datePublished\":\"2016-03-10T14:36:36+00:00\",\"dateModified\":\"2024-07-17T11:23:22+00:00\",\"description\":\"Inmobiliaria en Santany\u00ed. Propiedades exclusivas y a medida. Consulte nuestro portfolio de fincas en Santanyi \u260e\ufe0f + 34 971 64 22 00.\",\"breadcrumb\":{\"@id\":\"https:\/\/www.casa-and-co.com\/es\/inmobiliaria-santanyi-contacto\/#breadcrumb\"},\"inLanguage\":\"es\",\"potentialAction\":[{\"@type\":\"ReadAction\",\"target\":[\"https:\/\/www.casa-and-co.com\/es\/inmobiliaria-santanyi-contacto\/\"]}]},{\"@type\":\"ImageObject\",\"inLanguage\":\"es\",\"@id\":\"https:\/\/www.casa-and-co.com\/es\/inmobiliaria-santanyi-contacto\/#primaryimage\",\"url\":\"https:\/\/www.casa-and-co.com\/wp-content\/uploads\/2019\/03\/f102_0_gr.jpg\",\"contentUrl\":\"https:\/\/www.casa-and-co.com\/wp-content\/uploads\/2019\/03\/f102_0_gr.jpg\",\"width\":654,\"height\":460,\"caption\":\"inmobiliaria en santany\u00ed finca manacor cala falco\"},{\"@type\":\"BreadcrumbList\",\"@id\":\"https:\/\/www.casa-and-co.com\/es\/inmobiliaria-santanyi-contacto\/#breadcrumb\",\"itemListElement\":[{\"@type\":\"ListItem\",\"position\":1,\"name\":\"Portada\",\"item\":\"https:\/\/www.casa-and-co.com\/es\/\"},{\"@type\":\"ListItem\",\"position\":2,\"name\":\"Nosotros\"}]},{\"@type\":\"WebSite\",\"@id\":\"https:\/\/www.casa-and-co.com\/es\/#website\",\"url\":\"https:\/\/www.casa-and-co.com\/es\/\",\"name\":\"Casa and Co\",\"description\":\"Real Estate - Santany\u00ed - Mallorca\",\"publisher\":{\"@id\":\"https:\/\/www.casa-and-co.com\/es\/#organization\"},\"potentialAction\":[{\"@type\":\"SearchAction\",\"target\":{\"@type\":\"EntryPoint\",\"urlTemplate\":\"https:\/\/www.casa-and-co.com\/es\/?s={search_term_string}\"},\"query-input\":{\"@type\":\"PropertyValueSpecification\",\"valueRequired\":true,\"valueName\":\"search_term_string\"}}],\"inLanguage\":\"es\"},{\"@type\":\"Organization\",\"@id\":\"https:\/\/www.casa-and-co.com\/es\/#organization\",\"name\":\"Casa and Co\",\"url\":\"https:\/\/www.casa-and-co.com\/es\/\",\"logo\":{\"@type\":\"ImageObject\",\"inLanguage\":\"es\",\"@id\":\"https:\/\/www.casa-and-co.com\/es\/#\/schema\/logo\/image\/\",\"url\":\"https:\/\/www.casa-and-co.com\/wp-content\/uploads\/2019\/08\/casa-and-co-inmobiliaria-real-estate-mallorca.png\",\"contentUrl\":\"https:\/\/www.casa-and-co.com\/wp-content\/uploads\/2019\/08\/casa-and-co-inmobiliaria-real-estate-mallorca.png\",\"width\":200,\"height\":80,\"caption\":\"Casa and Co\"},\"image\":{\"@id\":\"https:\/\/www.casa-and-co.com\/es\/#\/schema\/logo\/image\/\"}}]}<\/script>\n<!-- \/ Yoast SEO plugin. -->","yoast_head_json":{"title":"Inmobiliaria en Santany\u00ed | Fincas Santanyi | Casas en venta en Mallorca","description":"Inmobiliaria en Santany\u00ed. Propiedades exclusivas y a medida. Consulte nuestro portfolio de fincas en Santanyi \u260e\ufe0f + 34 971 64 22 00.","robots":{"index":"index","follow":"follow","max-snippet":"max-snippet:-1","max-image-preview":"max-image-preview:large","max-video-preview":"max-video-preview:-1"},"canonical":"https:\/\/www.casa-and-co.com\/es\/inmobiliaria-santanyi-contacto\/","og_locale":"es_ES","og_type":"article","og_title":"Inmobiliaria en Santany\u00ed | Fincas Santanyi | Casas en venta en Mallorca","og_description":"Inmobiliaria en Santany\u00ed. Propiedades exclusivas y a medida. Consulte nuestro portfolio de fincas en Santanyi \u260e\ufe0f + 34 971 64 22 00.","og_url":"https:\/\/www.casa-and-co.com\/es\/inmobiliaria-santanyi-contacto\/","og_site_name":"Casa and Co","article_modified_time":"2024-07-17T11:23:22+00:00","og_image":[{"width":654,"height":460,"url":"https:\/\/www.casa-and-co.com\/wp-content\/uploads\/2019\/03\/f102_0_gr.jpg","type":"image\/jpeg"}],"twitter_card":"summary_large_image","twitter_misc":{"Tiempo de lectura":"2 minutos"},"schema":{"@context":"https:\/\/schema.org","@graph":[{"@type":"WebPage","@id":"https:\/\/www.casa-and-co.com\/es\/inmobiliaria-santanyi-contacto\/","url":"https:\/\/www.casa-and-co.com\/es\/inmobiliaria-santanyi-contacto\/","name":"Inmobiliaria en Santany\u00ed | Fincas Santanyi | Casas en venta en Mallorca","isPartOf":{"@id":"https:\/\/www.casa-and-co.com\/es\/#website"},"primaryImageOfPage":{"@id":"https:\/\/www.casa-and-co.com\/es\/inmobiliaria-santanyi-contacto\/#primaryimage"},"image":{"@id":"https:\/\/www.casa-and-co.com\/es\/inmobiliaria-santanyi-contacto\/#primaryimage"},"thumbnailUrl":"https:\/\/www.casa-and-co.com\/wp-content\/uploads\/2019\/03\/f102_0_gr.jpg","datePublished":"2016-03-10T14:36:36+00:00","dateModified":"2024-07-17T11:23:22+00:00","description":"Inmobiliaria en Santany\u00ed. Propiedades exclusivas y a medida. Consulte nuestro portfolio de fincas en Santanyi \u260e\ufe0f + 34 971 64 22 00.","breadcrumb":{"@id":"https:\/\/www.casa-and-co.com\/es\/inmobiliaria-santanyi-contacto\/#breadcrumb"},"inLanguage":"es","potentialAction":[{"@type":"ReadAction","target":["https:\/\/www.casa-and-co.com\/es\/inmobiliaria-santanyi-contacto\/"]}]},{"@type":"ImageObject","inLanguage":"es","@id":"https:\/\/www.casa-and-co.com\/es\/inmobiliaria-santanyi-contacto\/#primaryimage","url":"https:\/\/www.casa-and-co.com\/wp-content\/uploads\/2019\/03\/f102_0_gr.jpg","contentUrl":"https:\/\/www.casa-and-co.com\/wp-content\/uploads\/2019\/03\/f102_0_gr.jpg","width":654,"height":460,"caption":"inmobiliaria en santany\u00ed finca manacor cala falco"},{"@type":"BreadcrumbList","@id":"https:\/\/www.casa-and-co.com\/es\/inmobiliaria-santanyi-contacto\/#breadcrumb","itemListElement":[{"@type":"ListItem","position":1,"name":"Portada","item":"https:\/\/www.casa-and-co.com\/es\/"},{"@type":"ListItem","position":2,"name":"Nosotros"}]},{"@type":"WebSite","@id":"https:\/\/www.casa-and-co.com\/es\/#website","url":"https:\/\/www.casa-and-co.com\/es\/","name":"Casa and Co","description":"Real Estate - Santany\u00ed - Mallorca","publisher":{"@id":"https:\/\/www.casa-and-co.com\/es\/#organization"},"potentialAction":[{"@type":"SearchAction","target":{"@type":"EntryPoint","urlTemplate":"https:\/\/www.casa-and-co.com\/es\/?s={search_term_string}"},"query-input":{"@type":"PropertyValueSpecification","valueRequired":true,"valueName":"search_term_string"}}],"inLanguage":"es"},{"@type":"Organization","@id":"https:\/\/www.casa-and-co.com\/es\/#organization","name":"Casa and Co","url":"https:\/\/www.casa-and-co.com\/es\/","logo":{"@type":"ImageObject","inLanguage":"es","@id":"https:\/\/www.casa-and-co.com\/es\/#\/schema\/logo\/image\/","url":"https:\/\/www.casa-and-co.com\/wp-content\/uploads\/2019\/08\/casa-and-co-inmobiliaria-real-estate-mallorca.png","contentUrl":"https:\/\/www.casa-and-co.com\/wp-content\/uploads\/2019\/08\/casa-and-co-inmobiliaria-real-estate-mallorca.png","width":200,"height":80,"caption":"Casa and Co"},"image":{"@id":"https:\/\/www.casa-and-co.com\/es\/#\/schema\/logo\/image\/"}}]}},"_links":{"self":[{"href":"https:\/\/www.casa-and-co.com\/es\/wp-json\/wp\/v2\/pages\/20323","targetHints":{"allow":["GET"]}}],"collection":[{"href":"https:\/\/www.casa-and-co.com\/es\/wp-json\/wp\/v2\/pages"}],"about":[{"href":"https:\/\/www.casa-and-co.com\/es\/wp-json\/wp\/v2\/types\/page"}],"author":[{"embeddable":true,"href":"https:\/\/www.casa-and-co.com\/es\/wp-json\/wp\/v2\/users\/1"}],"replies":[{"embeddable":true,"href":"https:\/\/www.casa-and-co.com\/es\/wp-json\/wp\/v2\/comments?post=20323"}],"version-history":[{"count":4,"href":"https:\/\/www.casa-and-co.com\/es\/wp-json\/wp\/v2\/pages\/20323\/revisions"}],"predecessor-version":[{"id":25501,"href":"https:\/\/www.casa-and-co.com\/es\/wp-json\/wp\/v2\/pages\/20323\/revisions\/25501"}],"wp:featuredmedia":[{"embeddable":true,"href":"https:\/\/www.casa-and-co.com\/es\/wp-json\/wp\/v2\/media\/20118"}],"wp:attachment":[{"href":"https:\/\/www.casa-and-co.com\/es\/wp-json\/wp\/v2\/media?parent=20323"}],"curies":[{"name":"wp","href":"https:\/\/api.w.org\/{rel}","templated":true}]}}