{"id":22888,"date":"2019-07-17T10:50:10","date_gmt":"2019-07-17T10:50:10","guid":{"rendered":"https:\/\/casa-and-co.com\/gracias-por-contactar\/"},"modified":"2019-07-17T10:57:10","modified_gmt":"2019-07-17T10:57:10","slug":"thank-you-for-contacting","status":"publish","type":"page","link":"https:\/\/www.casa-and-co.com\/en\/thank-you-for-contacting\/","title":{"rendered":"Thank you for contacting"},"content":{"rendered":"<div class=\"wpb-content-wrapper\"><p>[vc_row][vc_column][vc_empty_space height=&#8221;85&#8243;][vc_column_text]<\/p>\n<h2 class=\"postheader\" style=\"text-align: center;\">Thank you for contacting us, we will contact you shortly. Thank you!<\/h2>\n<p>[\/vc_column_text][\/vc_column][\/vc_row][vc_row][vc_column width=&#8221;1\/6&#8243;][\/vc_column][vc_column width=&#8221;2\/3&#8243;][vc_empty_space height=&#8221;85px&#8221;][\/vc_column][vc_column width=&#8221;1\/6&#8243;][\/vc_column][\/vc_row]<\/p>\n<\/div>","protected":false},"excerpt":{"rendered":"<p>[vc_row][vc_column][vc_empty_space height=&#8221;85&#8243;][vc_column_text] Thank you for contacting us, we will contact you shortly. Thank you! [\/vc_column_text][\/vc_column][\/vc_row][vc_row][vc_column width=&#8221;1\/6&#8243;][\/vc_column][vc_column width=&#8221;2\/3&#8243;][vc_empty_space height=&#8221;85px&#8221;][\/vc_column][vc_column width=&#8221;1\/6&#8243;][\/vc_column][\/vc_row]<\/p>\n","protected":false},"author":2,"featured_media":0,"parent":0,"menu_order":0,"comment_status":"closed","ping_status":"closed","template":"template\/template-homepage.php","meta":{"footnotes":""},"class_list":["post-22888","page","type-page","status-publish","hentry"],"yoast_head":"<!-- This site is optimized with the Yoast SEO plugin v26.9 - https:\/\/yoast.com\/product\/yoast-seo-wordpress\/ -->\n<title>Alquiler en Santany\u00ed | Casa en alquiler en Santanyi | Casa &amp; Co<\/title>\n<meta name=\"description\" content=\"Alquiler de casas y pisos en Santany\u00ed. Consulte el portfolio de propiedades en alquiler en Santany\u00ed de Casa &amp; Co. Todas las garant\u00edas.\" \/>\n<meta name=\"robots\" content=\"index, follow, max-snippet:-1, max-image-preview:large, max-video-preview:-1\" \/>\n<link rel=\"canonical\" href=\"https:\/\/www.casa-and-co.com\/en\/thank-you-for-contacting\/\" \/>\n<meta property=\"og:locale\" content=\"en_US\" \/>\n<meta property=\"og:type\" content=\"article\" \/>\n<meta property=\"og:title\" content=\"Alquiler en Santany\u00ed | Casa en alquiler en Santanyi | Casa &amp; Co\" \/>\n<meta property=\"og:description\" content=\"Alquiler de casas y pisos en Santany\u00ed. Consulte el portfolio de propiedades en alquiler en Santany\u00ed de Casa &amp; Co. Todas las garant\u00edas.\" \/>\n<meta property=\"og:url\" content=\"https:\/\/www.casa-and-co.com\/en\/thank-you-for-contacting\/\" \/>\n<meta property=\"og:site_name\" content=\"Casa and Co\" \/>\n<meta property=\"article:modified_time\" content=\"2019-07-17T10:57:10+00:00\" \/>\n<meta name=\"twitter:card\" content=\"summary_large_image\" \/>\n<script type=\"application\/ld+json\" class=\"yoast-schema-graph\">{\"@context\":\"https:\/\/schema.org\",\"@graph\":[{\"@type\":\"WebPage\",\"@id\":\"https:\/\/www.casa-and-co.com\/en\/thank-you-for-contacting\/\",\"url\":\"https:\/\/www.casa-and-co.com\/en\/thank-you-for-contacting\/\",\"name\":\"Alquiler en Santany\u00ed | Casa en alquiler en Santanyi | Casa & Co\",\"isPartOf\":{\"@id\":\"https:\/\/www.casa-and-co.com\/en\/#website\"},\"datePublished\":\"2019-07-17T10:50:10+00:00\",\"dateModified\":\"2019-07-17T10:57:10+00:00\",\"description\":\"Alquiler de casas y pisos en Santany\u00ed. Consulte el portfolio de propiedades en alquiler en Santany\u00ed de Casa & Co. Todas las garant\u00edas.\",\"breadcrumb\":{\"@id\":\"https:\/\/www.casa-and-co.com\/en\/thank-you-for-contacting\/#breadcrumb\"},\"inLanguage\":\"en-US\",\"potentialAction\":[{\"@type\":\"ReadAction\",\"target\":[\"https:\/\/www.casa-and-co.com\/en\/thank-you-for-contacting\/\"]}]},{\"@type\":\"BreadcrumbList\",\"@id\":\"https:\/\/www.casa-and-co.com\/en\/thank-you-for-contacting\/#breadcrumb\",\"itemListElement\":[{\"@type\":\"ListItem\",\"position\":1,\"name\":\"Portada\",\"item\":\"https:\/\/www.casa-and-co.com\/en\/\"},{\"@type\":\"ListItem\",\"position\":2,\"name\":\"Thank you for contacting\"}]},{\"@type\":\"WebSite\",\"@id\":\"https:\/\/www.casa-and-co.com\/en\/#website\",\"url\":\"https:\/\/www.casa-and-co.com\/en\/\",\"name\":\"Casa and Co\",\"description\":\"Real Estate - Santany\u00ed - Mallorca\",\"publisher\":{\"@id\":\"https:\/\/www.casa-and-co.com\/en\/#organization\"},\"potentialAction\":[{\"@type\":\"SearchAction\",\"target\":{\"@type\":\"EntryPoint\",\"urlTemplate\":\"https:\/\/www.casa-and-co.com\/en\/?s={search_term_string}\"},\"query-input\":{\"@type\":\"PropertyValueSpecification\",\"valueRequired\":true,\"valueName\":\"search_term_string\"}}],\"inLanguage\":\"en-US\"},{\"@type\":\"Organization\",\"@id\":\"https:\/\/www.casa-and-co.com\/en\/#organization\",\"name\":\"Casa and Co\",\"url\":\"https:\/\/www.casa-and-co.com\/en\/\",\"logo\":{\"@type\":\"ImageObject\",\"inLanguage\":\"en-US\",\"@id\":\"https:\/\/www.casa-and-co.com\/en\/#\/schema\/logo\/image\/\",\"url\":\"https:\/\/www.casa-and-co.com\/wp-content\/uploads\/2019\/08\/casa-and-co-inmobiliaria-real-estate-mallorca.png\",\"contentUrl\":\"https:\/\/www.casa-and-co.com\/wp-content\/uploads\/2019\/08\/casa-and-co-inmobiliaria-real-estate-mallorca.png\",\"width\":200,\"height\":80,\"caption\":\"Casa and Co\"},\"image\":{\"@id\":\"https:\/\/www.casa-and-co.com\/en\/#\/schema\/logo\/image\/\"}}]}<\/script>\n<!-- \/ Yoast SEO plugin. -->","yoast_head_json":{"title":"Alquiler en Santany\u00ed | Casa en alquiler en Santanyi | Casa & Co","description":"Alquiler de casas y pisos en Santany\u00ed. Consulte el portfolio de propiedades en alquiler en Santany\u00ed de Casa & Co. Todas las garant\u00edas.","robots":{"index":"index","follow":"follow","max-snippet":"max-snippet:-1","max-image-preview":"max-image-preview:large","max-video-preview":"max-video-preview:-1"},"canonical":"https:\/\/www.casa-and-co.com\/en\/thank-you-for-contacting\/","og_locale":"en_US","og_type":"article","og_title":"Alquiler en Santany\u00ed | Casa en alquiler en Santanyi | Casa & Co","og_description":"Alquiler de casas y pisos en Santany\u00ed. Consulte el portfolio de propiedades en alquiler en Santany\u00ed de Casa & Co. Todas las garant\u00edas.","og_url":"https:\/\/www.casa-and-co.com\/en\/thank-you-for-contacting\/","og_site_name":"Casa and Co","article_modified_time":"2019-07-17T10:57:10+00:00","twitter_card":"summary_large_image","schema":{"@context":"https:\/\/schema.org","@graph":[{"@type":"WebPage","@id":"https:\/\/www.casa-and-co.com\/en\/thank-you-for-contacting\/","url":"https:\/\/www.casa-and-co.com\/en\/thank-you-for-contacting\/","name":"Alquiler en Santany\u00ed | Casa en alquiler en Santanyi | Casa & Co","isPartOf":{"@id":"https:\/\/www.casa-and-co.com\/en\/#website"},"datePublished":"2019-07-17T10:50:10+00:00","dateModified":"2019-07-17T10:57:10+00:00","description":"Alquiler de casas y pisos en Santany\u00ed. Consulte el portfolio de propiedades en alquiler en Santany\u00ed de Casa & Co. Todas las garant\u00edas.","breadcrumb":{"@id":"https:\/\/www.casa-and-co.com\/en\/thank-you-for-contacting\/#breadcrumb"},"inLanguage":"en-US","potentialAction":[{"@type":"ReadAction","target":["https:\/\/www.casa-and-co.com\/en\/thank-you-for-contacting\/"]}]},{"@type":"BreadcrumbList","@id":"https:\/\/www.casa-and-co.com\/en\/thank-you-for-contacting\/#breadcrumb","itemListElement":[{"@type":"ListItem","position":1,"name":"Portada","item":"https:\/\/www.casa-and-co.com\/en\/"},{"@type":"ListItem","position":2,"name":"Thank you for contacting"}]},{"@type":"WebSite","@id":"https:\/\/www.casa-and-co.com\/en\/#website","url":"https:\/\/www.casa-and-co.com\/en\/","name":"Casa and Co","description":"Real Estate - Santany\u00ed - Mallorca","publisher":{"@id":"https:\/\/www.casa-and-co.com\/en\/#organization"},"potentialAction":[{"@type":"SearchAction","target":{"@type":"EntryPoint","urlTemplate":"https:\/\/www.casa-and-co.com\/en\/?s={search_term_string}"},"query-input":{"@type":"PropertyValueSpecification","valueRequired":true,"valueName":"search_term_string"}}],"inLanguage":"en-US"},{"@type":"Organization","@id":"https:\/\/www.casa-and-co.com\/en\/#organization","name":"Casa and Co","url":"https:\/\/www.casa-and-co.com\/en\/","logo":{"@type":"ImageObject","inLanguage":"en-US","@id":"https:\/\/www.casa-and-co.com\/en\/#\/schema\/logo\/image\/","url":"https:\/\/www.casa-and-co.com\/wp-content\/uploads\/2019\/08\/casa-and-co-inmobiliaria-real-estate-mallorca.png","contentUrl":"https:\/\/www.casa-and-co.com\/wp-content\/uploads\/2019\/08\/casa-and-co-inmobiliaria-real-estate-mallorca.png","width":200,"height":80,"caption":"Casa and Co"},"image":{"@id":"https:\/\/www.casa-and-co.com\/en\/#\/schema\/logo\/image\/"}}]}},"_links":{"self":[{"href":"https:\/\/www.casa-and-co.com\/en\/wp-json\/wp\/v2\/pages\/22888","targetHints":{"allow":["GET"]}}],"collection":[{"href":"https:\/\/www.casa-and-co.com\/en\/wp-json\/wp\/v2\/pages"}],"about":[{"href":"https:\/\/www.casa-and-co.com\/en\/wp-json\/wp\/v2\/types\/page"}],"author":[{"embeddable":true,"href":"https:\/\/www.casa-and-co.com\/en\/wp-json\/wp\/v2\/users\/2"}],"replies":[{"embeddable":true,"href":"https:\/\/www.casa-and-co.com\/en\/wp-json\/wp\/v2\/comments?post=22888"}],"version-history":[{"count":2,"href":"https:\/\/www.casa-and-co.com\/en\/wp-json\/wp\/v2\/pages\/22888\/revisions"}],"predecessor-version":[{"id":22895,"href":"https:\/\/www.casa-and-co.com\/en\/wp-json\/wp\/v2\/pages\/22888\/revisions\/22895"}],"wp:attachment":[{"href":"https:\/\/www.casa-and-co.com\/en\/wp-json\/wp\/v2\/media?parent=22888"}],"curies":[{"name":"wp","href":"https:\/\/api.w.org\/{rel}","templated":true}]}}