{"id":20332,"date":"2019-03-06T17:39:08","date_gmt":"2019-03-06T17:39:08","guid":{"rendered":"https:\/\/casa-and-co.com\/?page_id=20332"},"modified":"2020-07-31T11:35:26","modified_gmt":"2020-07-31T11:35:26","slug":"construction-management","status":"publish","type":"page","link":"https:\/\/www.casa-and-co.com\/en\/construction-management\/","title":{"rendered":"Construction Management"},"content":{"rendered":"<div class=\"wpb-content-wrapper\"><p>[vc_row][vc_column][vc_empty_space height=&#8221;85&#8243;][vc_column_text]<\/p>\n<h1 class=\"postheader\">Management service and Project Management of new construction, renovation and \/ or restoration.<\/h1>\n<p>[\/vc_column_text][vc_empty_space height=&#8221;45&#8243;][\/vc_column][\/vc_row][vc_row][vc_column width=&#8221;1\/2&#8243;][vc_column_text]<\/p>\n<h2 class=\"postheader\">Our construction management services are:<\/h2>\n<div class=\"postcontent\">\n<ol>\n<li>Years of <strong>experience<\/strong> in direct and personal customer service.<\/li>\n<li>Advice on choosing the <strong>Architect<\/strong> who will best develop your project and fit your needs.<\/li>\n<li>Procedures and follow-up of all documents and measures in order to obtain all construction <strong>permits and licenses<\/strong> to begin work.<\/li>\n<li>Comparison of different<strong> estimates <\/strong>provided by two or three construction firms.<\/li>\n<li>Negotiation <strong>deadlines and payment conditions<\/strong> adequate to the proper development of the works.<\/li>\n<li>Draft of a <strong>contract<\/strong> that provides adequate protection against any disagreements during the course of the works.<\/li>\n<li><strong>Supervision and collaboration <\/strong>with the technical and specialized project management throughout the construction process.<\/li>\n<li>Contracting <strong>water<\/strong> and <strong>electricity<\/strong> <strong>supplies<\/strong> during and after the works.<\/li>\n<li>Carrying out<strong> periodic reports<\/strong> and submitting the <strong>graphic follow-up<\/strong> (photo and video) to the promoter of work.<\/li>\n<li>Obtaining all <strong>certificates of end <\/strong>of works:\n<ul>\n<li><strong>License for first occupation. <\/strong><\/li>\n<li><strong>Certificate of habitability. <\/strong><\/li>\n<li><strong>Cadastral procedures. <\/strong><\/li>\n<\/ul>\n<\/li>\n<\/ol>\n<p style=\"text-align: center;\"><a href=\"https:\/\/www.casa-and-co.com\/en\/contact\/\">Contact Casa &amp; Co Santanyi Real Estate<\/a><\/p>\n<p style=\"text-align: center;\"><a href=\"https:\/\/www.google.com\/search?tbm=lcl&amp;ei=OStyXpSiJ-Go8gK57JLgBQ&amp;q=immobilien+santanyi+casa+and+co&amp;oq=immobilien+santanyi+casa+and+co&amp;gs_l=psy-ab.12..33i160k1.15460.18270.0.20165.14.14.0.0.0.0.139.1283.2j10.12.0....0...1c.1.64.psy-ab..2.12.1281...38j0i22i30k1j33i22i29i30k1.0.jahl2lBjJJo#rlfi=hd:;si:1557582898299350719;mv:[[39.35488007731903,3.1280212588370397],[39.354520122680974,3.127555741162961]]\">C.\/ Bisbe Verger 1 | 07650 | Santanyi<\/a><\/p>\n<\/div>\n<p>[\/vc_column_text][\/vc_column][vc_column width=&#8221;1\/2&#8243; css=&#8221;.vc_custom_1553858840385{padding-top: 40px !important;}&#8221;][vc_gallery type=&#8221;image_grid&#8221; images=&#8221;20333,20376,20343,20338,20353,20348,20358,20366,20371&#8243; onclick=&#8221;&#8221; css_animation=&#8221;fadeIn&#8221;][\/vc_column][\/vc_row][vc_row][vc_column width=&#8221;1\/6&#8243;][\/vc_column][vc_column width=&#8221;2\/3&#8243;][vc_empty_space height=&#8221;50px&#8221;][vc_separator][vc_empty_space height=&#8221;50px&#8221;][\/vc_column][vc_column width=&#8221;1\/6&#8243;][\/vc_column][\/vc_row]<\/p>\n<\/div>","protected":false},"excerpt":{"rendered":"<p>[vc_row][vc_column][vc_empty_space height=&#8221;85&#8243;][vc_column_text] Management service and Project Management of new construction, renovation and \/ or restoration. [\/vc_column_text][vc_empty_space height=&#8221;45&#8243;][\/vc_column][\/vc_row][vc_row][vc_column width=&#8221;1\/2&#8243;][vc_column_text] Our construction management services are: Years of experience in direct and personal customer service. Advice on choosing the Architect who will best develop your project and fit your needs. Procedures and follow-up of all documents and measures [&hellip;]<\/p>\n","protected":false},"author":1,"featured_media":24037,"parent":0,"menu_order":0,"comment_status":"closed","ping_status":"closed","template":"template\/template-homepage.php","meta":{"footnotes":""},"class_list":["post-20332","page","type-page","status-publish","has-post-thumbnail","hentry"],"yoast_head":"<!-- This site is optimized with the Yoast SEO plugin v26.9 - https:\/\/yoast.com\/product\/yoast-seo-wordpress\/ -->\n<title>Construction management | Building license Santany\u00ed | Architect Santany\u00ed<\/title>\n<meta name=\"description\" content=\"CASA AND CO offers construction management services in Santany\u00ed: procedures and building permits, architect and project management.\" \/>\n<meta name=\"robots\" content=\"index, follow, max-snippet:-1, max-image-preview:large, max-video-preview:-1\" \/>\n<link rel=\"canonical\" href=\"https:\/\/www.casa-and-co.com\/en\/construction-management\/\" \/>\n<meta property=\"og:locale\" content=\"en_US\" \/>\n<meta property=\"og:type\" content=\"article\" \/>\n<meta property=\"og:title\" content=\"Construction management | Building license Santany\u00ed | Architect Santany\u00ed\" \/>\n<meta property=\"og:description\" content=\"CASA AND CO offers construction management services in Santany\u00ed: procedures and building permits, architect and project management.\" \/>\n<meta property=\"og:url\" content=\"https:\/\/www.casa-and-co.com\/en\/construction-management\/\" \/>\n<meta property=\"og:site_name\" content=\"Casa and Co\" \/>\n<meta property=\"article:modified_time\" content=\"2020-07-31T11:35:26+00:00\" \/>\n<meta property=\"og:image\" content=\"https:\/\/www.casa-and-co.com\/wp-content\/uploads\/2019\/07\/20191112_160015.jpg\" \/>\n\t<meta property=\"og:image:width\" content=\"1200\" \/>\n\t<meta property=\"og:image:height\" content=\"675\" \/>\n\t<meta property=\"og:image:type\" content=\"image\/jpeg\" \/>\n<meta name=\"twitter:card\" content=\"summary_large_image\" \/>\n<meta name=\"twitter:label1\" content=\"Est. reading time\" \/>\n\t<meta name=\"twitter:data1\" content=\"1 minute\" \/>\n<script type=\"application\/ld+json\" class=\"yoast-schema-graph\">{\"@context\":\"https:\/\/schema.org\",\"@graph\":[{\"@type\":\"WebPage\",\"@id\":\"https:\/\/www.casa-and-co.com\/en\/construction-management\/\",\"url\":\"https:\/\/www.casa-and-co.com\/en\/construction-management\/\",\"name\":\"Construction management | Building license Santany\u00ed | Architect Santany\u00ed\",\"isPartOf\":{\"@id\":\"https:\/\/www.casa-and-co.com\/en\/#website\"},\"primaryImageOfPage\":{\"@id\":\"https:\/\/www.casa-and-co.com\/en\/construction-management\/#primaryimage\"},\"image\":{\"@id\":\"https:\/\/www.casa-and-co.com\/en\/construction-management\/#primaryimage\"},\"thumbnailUrl\":\"https:\/\/www.casa-and-co.com\/wp-content\/uploads\/2019\/07\/20191112_160015.jpg\",\"datePublished\":\"2019-03-06T17:39:08+00:00\",\"dateModified\":\"2020-07-31T11:35:26+00:00\",\"description\":\"CASA AND CO offers construction management services in Santany\u00ed: procedures and building permits, architect and project management.\",\"breadcrumb\":{\"@id\":\"https:\/\/www.casa-and-co.com\/en\/construction-management\/#breadcrumb\"},\"inLanguage\":\"en-US\",\"potentialAction\":[{\"@type\":\"ReadAction\",\"target\":[\"https:\/\/www.casa-and-co.com\/en\/construction-management\/\"]}]},{\"@type\":\"ImageObject\",\"inLanguage\":\"en-US\",\"@id\":\"https:\/\/www.casa-and-co.com\/en\/construction-management\/#primaryimage\",\"url\":\"https:\/\/www.casa-and-co.com\/wp-content\/uploads\/2019\/07\/20191112_160015.jpg\",\"contentUrl\":\"https:\/\/www.casa-and-co.com\/wp-content\/uploads\/2019\/07\/20191112_160015.jpg\",\"width\":1200,\"height\":675,\"caption\":\"Building management Santanyi\"},{\"@type\":\"BreadcrumbList\",\"@id\":\"https:\/\/www.casa-and-co.com\/en\/construction-management\/#breadcrumb\",\"itemListElement\":[{\"@type\":\"ListItem\",\"position\":1,\"name\":\"Portada\",\"item\":\"https:\/\/www.casa-and-co.com\/en\/\"},{\"@type\":\"ListItem\",\"position\":2,\"name\":\"Construction Management\"}]},{\"@type\":\"WebSite\",\"@id\":\"https:\/\/www.casa-and-co.com\/en\/#website\",\"url\":\"https:\/\/www.casa-and-co.com\/en\/\",\"name\":\"Casa and Co\",\"description\":\"Real Estate - Santany\u00ed - Mallorca\",\"publisher\":{\"@id\":\"https:\/\/www.casa-and-co.com\/en\/#organization\"},\"potentialAction\":[{\"@type\":\"SearchAction\",\"target\":{\"@type\":\"EntryPoint\",\"urlTemplate\":\"https:\/\/www.casa-and-co.com\/en\/?s={search_term_string}\"},\"query-input\":{\"@type\":\"PropertyValueSpecification\",\"valueRequired\":true,\"valueName\":\"search_term_string\"}}],\"inLanguage\":\"en-US\"},{\"@type\":\"Organization\",\"@id\":\"https:\/\/www.casa-and-co.com\/en\/#organization\",\"name\":\"Casa and Co\",\"url\":\"https:\/\/www.casa-and-co.com\/en\/\",\"logo\":{\"@type\":\"ImageObject\",\"inLanguage\":\"en-US\",\"@id\":\"https:\/\/www.casa-and-co.com\/en\/#\/schema\/logo\/image\/\",\"url\":\"https:\/\/www.casa-and-co.com\/wp-content\/uploads\/2019\/08\/casa-and-co-inmobiliaria-real-estate-mallorca.png\",\"contentUrl\":\"https:\/\/www.casa-and-co.com\/wp-content\/uploads\/2019\/08\/casa-and-co-inmobiliaria-real-estate-mallorca.png\",\"width\":200,\"height\":80,\"caption\":\"Casa and Co\"},\"image\":{\"@id\":\"https:\/\/www.casa-and-co.com\/en\/#\/schema\/logo\/image\/\"}}]}<\/script>\n<!-- \/ Yoast SEO plugin. -->","yoast_head_json":{"title":"Construction management | Building license Santany\u00ed | Architect Santany\u00ed","description":"CASA AND CO offers construction management services in Santany\u00ed: procedures and building permits, architect and project management.","robots":{"index":"index","follow":"follow","max-snippet":"max-snippet:-1","max-image-preview":"max-image-preview:large","max-video-preview":"max-video-preview:-1"},"canonical":"https:\/\/www.casa-and-co.com\/en\/construction-management\/","og_locale":"en_US","og_type":"article","og_title":"Construction management | Building license Santany\u00ed | Architect Santany\u00ed","og_description":"CASA AND CO offers construction management services in Santany\u00ed: procedures and building permits, architect and project management.","og_url":"https:\/\/www.casa-and-co.com\/en\/construction-management\/","og_site_name":"Casa and Co","article_modified_time":"2020-07-31T11:35:26+00:00","og_image":[{"width":1200,"height":675,"url":"https:\/\/www.casa-and-co.com\/wp-content\/uploads\/2019\/07\/20191112_160015.jpg","type":"image\/jpeg"}],"twitter_card":"summary_large_image","twitter_misc":{"Est. reading time":"1 minute"},"schema":{"@context":"https:\/\/schema.org","@graph":[{"@type":"WebPage","@id":"https:\/\/www.casa-and-co.com\/en\/construction-management\/","url":"https:\/\/www.casa-and-co.com\/en\/construction-management\/","name":"Construction management | Building license Santany\u00ed | Architect Santany\u00ed","isPartOf":{"@id":"https:\/\/www.casa-and-co.com\/en\/#website"},"primaryImageOfPage":{"@id":"https:\/\/www.casa-and-co.com\/en\/construction-management\/#primaryimage"},"image":{"@id":"https:\/\/www.casa-and-co.com\/en\/construction-management\/#primaryimage"},"thumbnailUrl":"https:\/\/www.casa-and-co.com\/wp-content\/uploads\/2019\/07\/20191112_160015.jpg","datePublished":"2019-03-06T17:39:08+00:00","dateModified":"2020-07-31T11:35:26+00:00","description":"CASA AND CO offers construction management services in Santany\u00ed: procedures and building permits, architect and project management.","breadcrumb":{"@id":"https:\/\/www.casa-and-co.com\/en\/construction-management\/#breadcrumb"},"inLanguage":"en-US","potentialAction":[{"@type":"ReadAction","target":["https:\/\/www.casa-and-co.com\/en\/construction-management\/"]}]},{"@type":"ImageObject","inLanguage":"en-US","@id":"https:\/\/www.casa-and-co.com\/en\/construction-management\/#primaryimage","url":"https:\/\/www.casa-and-co.com\/wp-content\/uploads\/2019\/07\/20191112_160015.jpg","contentUrl":"https:\/\/www.casa-and-co.com\/wp-content\/uploads\/2019\/07\/20191112_160015.jpg","width":1200,"height":675,"caption":"Building management Santanyi"},{"@type":"BreadcrumbList","@id":"https:\/\/www.casa-and-co.com\/en\/construction-management\/#breadcrumb","itemListElement":[{"@type":"ListItem","position":1,"name":"Portada","item":"https:\/\/www.casa-and-co.com\/en\/"},{"@type":"ListItem","position":2,"name":"Construction Management"}]},{"@type":"WebSite","@id":"https:\/\/www.casa-and-co.com\/en\/#website","url":"https:\/\/www.casa-and-co.com\/en\/","name":"Casa and Co","description":"Real Estate - Santany\u00ed - Mallorca","publisher":{"@id":"https:\/\/www.casa-and-co.com\/en\/#organization"},"potentialAction":[{"@type":"SearchAction","target":{"@type":"EntryPoint","urlTemplate":"https:\/\/www.casa-and-co.com\/en\/?s={search_term_string}"},"query-input":{"@type":"PropertyValueSpecification","valueRequired":true,"valueName":"search_term_string"}}],"inLanguage":"en-US"},{"@type":"Organization","@id":"https:\/\/www.casa-and-co.com\/en\/#organization","name":"Casa and Co","url":"https:\/\/www.casa-and-co.com\/en\/","logo":{"@type":"ImageObject","inLanguage":"en-US","@id":"https:\/\/www.casa-and-co.com\/en\/#\/schema\/logo\/image\/","url":"https:\/\/www.casa-and-co.com\/wp-content\/uploads\/2019\/08\/casa-and-co-inmobiliaria-real-estate-mallorca.png","contentUrl":"https:\/\/www.casa-and-co.com\/wp-content\/uploads\/2019\/08\/casa-and-co-inmobiliaria-real-estate-mallorca.png","width":200,"height":80,"caption":"Casa and Co"},"image":{"@id":"https:\/\/www.casa-and-co.com\/en\/#\/schema\/logo\/image\/"}}]}},"_links":{"self":[{"href":"https:\/\/www.casa-and-co.com\/en\/wp-json\/wp\/v2\/pages\/20332","targetHints":{"allow":["GET"]}}],"collection":[{"href":"https:\/\/www.casa-and-co.com\/en\/wp-json\/wp\/v2\/pages"}],"about":[{"href":"https:\/\/www.casa-and-co.com\/en\/wp-json\/wp\/v2\/types\/page"}],"author":[{"embeddable":true,"href":"https:\/\/www.casa-and-co.com\/en\/wp-json\/wp\/v2\/users\/1"}],"replies":[{"embeddable":true,"href":"https:\/\/www.casa-and-co.com\/en\/wp-json\/wp\/v2\/comments?post=20332"}],"version-history":[{"count":3,"href":"https:\/\/www.casa-and-co.com\/en\/wp-json\/wp\/v2\/pages\/20332\/revisions"}],"predecessor-version":[{"id":24980,"href":"https:\/\/www.casa-and-co.com\/en\/wp-json\/wp\/v2\/pages\/20332\/revisions\/24980"}],"wp:featuredmedia":[{"embeddable":true,"href":"https:\/\/www.casa-and-co.com\/en\/wp-json\/wp\/v2\/media\/24037"}],"wp:attachment":[{"href":"https:\/\/www.casa-and-co.com\/en\/wp-json\/wp\/v2\/media?parent=20332"}],"curies":[{"name":"wp","href":"https:\/\/api.w.org\/{rel}","templated":true}]}}